{"id":1535,"date":"2023-02-08T21:55:43","date_gmt":"2023-02-08T21:55:43","guid":{"rendered":"https:\/\/liftpoint.com.tr\/tr\/?page_id=1535"},"modified":"2023-02-09T07:34:46","modified_gmt":"2023-02-09T07:34:46","slug":"liftvilla","status":"publish","type":"page","link":"https:\/\/liftpoint.com.tr\/tr\/liftvilla\/","title":{"rendered":"Liftvilla"},"content":{"rendered":"<section class=\"wpb-content-wrapper\"><p>[vc_row][vc_column width=&#8221;1\/2&#8243;]\n\t<figure class=\"pic-hover hover-scale\">\n        <span class=\"center-xy\">\n        \t        <\/span>\n        <a href=\"https:\/\/liftpoint.com.tr\/tr\/villa-asansoru\/\"><span class=\"bg-overlay\"><\/span><\/a>        <img decoding=\"async\" src=\"https:\/\/liftpoint.com.tr\/tr\/wp-content\/uploads\/2023\/02\/liftvilla.jpg\" class=\"img-responsive\" alt=\"\">\n    <\/figure>\n\n    <h3 class=\"mt20\">V\u0130LLA ASANS\u00d6R\u00dc<\/h3>\n    <p>\n        <\/p>\n<p align=\"justify\">Evler i\u00e7in asans\u00f6rler, bir yazl\u0131k, k\u0131r evi veya \u00e7ok katl\u0131 apartman dairesine asans\u00f6r montaj\u0131 i\u00e7in teknik \u00e7\u00f6z\u00fcmlerin kullan\u0131m kolayl\u0131\u011f\u0131n\u0131 ve uygun maliyetlili\u011fini ideal bir \u015fekilde birle\u015ftirir. Ev asans\u00f6r\u00fc, i\u00e7 mekanlara m\u00fckemmel uyum sa\u011flar, evin i\u00e7inde h\u0131zl\u0131 ve rahat hareket etme sorunlar\u0131n\u0131 ba\u015far\u0131yla \u00e7\u00f6zer.<\/p>\n<p>\t<br>\n\t\t<a class=\"read_more mt10\" href=\"https:\/\/liftpoint.com.tr\/tr\/villa-asansoru\/\" target=\"_self\">Devam\u0131n\u0131 G\u00f6ster <i class=\"fa fa-chevron-right id-color\"><\/i><\/a>    <\/p>\n    \t\n[\/vc_column][vc_column width=&#8221;1\/2&#8243;]\n\t<figure class=\"pic-hover hover-scale\">\n        <span class=\"center-xy\">\n        \t        <\/span>\n        <a href=\"https:\/\/liftpoint.com.tr\/tr\/engelli-platformlari\/\"><span class=\"bg-overlay\"><\/span><\/a>        <img decoding=\"async\" src=\"https:\/\/liftpoint.com.tr\/tr\/wp-content\/uploads\/2023\/02\/engelli.jpg\" class=\"img-responsive\" alt=\"\">\n    <\/figure>\n\n    <h3 class=\"mt20\">Engelli Platformlar\u0131<\/h3>\n    <p>\n        <\/p>\n<p align=\"justify\">Engelli asans\u00f6rlerimiz hem bina i\u00e7i hem de bina d\u0131\u015f\u0131 kullan\u0131ma uygun olarak tasarlan\u0131p imal edilmektedir. Kullan\u0131m yerleri genel olarak kamu kurumlar\u0131, konutlar, m\u00fcstakil evler, villalar, huzurevleri ve i\u015fyerleridir.<\/p>\n<p>\t<br>\n\t\t<a class=\"read_more mt10\" href=\"https:\/\/liftpoint.com.tr\/tr\/mrl-paket-asansor\/\" target=\"_self\">Devam\u0131n\u0131 G\u00f6ster <i class=\"fa fa-chevron-right id-color\"><\/i><\/a>    <\/p>\n    \t\n[\/vc_column][\/vc_row]<\/p>\n<\/section>","protected":false},"excerpt":{"rendered":"<p>[vc_row][vc_column width=&#8221;1\/2&#8243;][\/vc_column][vc_column width=&#8221;1\/2&#8243;][\/vc_column][\/vc_row]<\/p>\n","protected":false},"author":1,"featured_media":0,"parent":0,"menu_order":0,"comment_status":"closed","ping_status":"closed","template":"page-templates\/template-fullwidth.php","meta":{"footnotes":""},"class_list":["post-1535","page","type-page","status-publish","hentry"],"_links":{"self":[{"href":"https:\/\/liftpoint.com.tr\/tr\/wp-json\/wp\/v2\/pages\/1535","targetHints":{"allow":["GET"]}}],"collection":[{"href":"https:\/\/liftpoint.com.tr\/tr\/wp-json\/wp\/v2\/pages"}],"about":[{"href":"https:\/\/liftpoint.com.tr\/tr\/wp-json\/wp\/v2\/types\/page"}],"author":[{"embeddable":true,"href":"https:\/\/liftpoint.com.tr\/tr\/wp-json\/wp\/v2\/users\/1"}],"replies":[{"embeddable":true,"href":"https:\/\/liftpoint.com.tr\/tr\/wp-json\/wp\/v2\/comments?post=1535"}],"version-history":[{"count":4,"href":"https:\/\/liftpoint.com.tr\/tr\/wp-json\/wp\/v2\/pages\/1535\/revisions"}],"predecessor-version":[{"id":1632,"href":"https:\/\/liftpoint.com.tr\/tr\/wp-json\/wp\/v2\/pages\/1535\/revisions\/1632"}],"wp:attachment":[{"href":"https:\/\/liftpoint.com.tr\/tr\/wp-json\/wp\/v2\/media?parent=1535"}],"curies":[{"name":"wp","href":"https:\/\/api.w.org\/{rel}","templated":true}]}}