{"id":1523,"date":"2023-02-08T21:39:49","date_gmt":"2023-02-08T21:39:49","guid":{"rendered":"https:\/\/liftpoint.com.tr\/tr\/?page_id=1523"},"modified":"2023-02-09T07:35:59","modified_gmt":"2023-02-09T07:35:59","slug":"paket-asansor","status":"publish","type":"page","link":"https:\/\/liftpoint.com.tr\/tr\/paket-asansor\/","title":{"rendered":"Paket Asans\u00f6r"},"content":{"rendered":"<section class=\"wpb-content-wrapper\"><p>[vc_row][vc_column width=&#8221;1\/2&#8243;]\n\t<figure class=\"pic-hover hover-scale\">\n        <span class=\"center-xy\">\n        \t        <\/span>\n        <a href=\"https:\/\/liftpoint.com.tr\/tr\/mr-paket-asansor\/\"><span class=\"bg-overlay\"><\/span><\/a>        <img decoding=\"async\" src=\"https:\/\/liftpoint.com.tr\/tr\/wp-content\/uploads\/2023\/02\/mr-1.jpg\" class=\"img-responsive\" alt=\"\">\n    <\/figure>\n\n    <h3 class=\"mt20\">MR PAKET ASANS\u00d6R<\/h3>\n    <p>\n        <\/p>\n<p align=\"justify\">Asans\u00f6r tahrikinin asans\u00f6r bo\u015flu\u011funun \u00fczerine in\u015fa edilmi\u015f bir odaya yerle\u015ftirildi\u011fi bir asans\u00f6r t\u00fcr\u00fcd\u00fcr. Modern mimari projelerde estetik olmas\u0131 ve yap\u0131n\u0131n ekonomik de\u011ferini art\u0131rmas\u0131 a\u00e7\u0131s\u0131ndan tercih edilmemektedir. Makine dairesi asans\u00f6rleri, \u015faft\u0131n \u00fczerinde bir makine dairesi kulesi gerektirdi\u011finden dezavantajl\u0131d\u0131r. Makine daireli asans\u00f6rlerde genellikle di\u015fli (asenkron) makine-motor grubu kullan\u0131lmakla birlikte di\u015flisiz motorlar tercih edilmektedir.<\/p>\n<p>\t<br>\n\t\t<a class=\"read_more mt10\" href=\"https:\/\/liftpoint.com.tr\/tr\/mr-paket-asansor\/\" target=\"_self\">Devam\u0131n\u0131 G\u00f6ster <i class=\"fa fa-chevron-right id-color\"><\/i><\/a>    <\/p>\n    \t\n[\/vc_column][vc_column width=&#8221;1\/2&#8243;]\n\t<figure class=\"pic-hover hover-scale\">\n        <span class=\"center-xy\">\n        \t        <\/span>\n        <a href=\"https:\/\/liftpoint.com.tr\/tr\/mrl-paket-asansor\/\"><span class=\"bg-overlay\"><\/span><\/a>        <img decoding=\"async\" src=\"https:\/\/liftpoint.com.tr\/tr\/wp-content\/uploads\/2023\/02\/mrl-1.jpg\" class=\"img-responsive\" alt=\"\">\n    <\/figure>\n\n    <h3 class=\"mt20\">MRL PAKET ASANS\u00d6R<\/h3>\n    <p>\n        <\/p>\n<p align=\"justify\">MRL Asans\u00f6r Avantajlar\u0131 MRL\u2019ler, kompakt, di\u015flisiz makineyi do\u011frudan asans\u00f6r bo\u015flu\u011funa yerle\u015ftirerek yerden tasarruf sa\u011flar. Bina in\u015faat maliyetlerini potansiyel olarak d\u00fc\u015f\u00fcren bir \u00e7at\u0131 \u00fcst\u00fc makine dairesine ihtiya\u00e7 yoktur. Di\u015flisiz makineler ve MRL\u2019lerin kar\u015f\u0131 a\u011f\u0131rl\u0131k konfig\u00fcrasyonu, enerji verimlili\u011fini art\u0131r\u0131r ve sorunsuz, sessiz bir s\u00fcr\u00fc\u015f sa\u011flar. MRL\u2019ler tipik olarak geleneksel hidrolik asans\u00f6rlerden daha h\u0131zl\u0131 hareket eder ve bu da binicilere zaman kazand\u0131r\u0131r.<\/p>\n<p>\t<br>\n\t\t<a class=\"read_more mt10\" href=\"https:\/\/liftpoint.com.tr\/tr\/mrl-paket-asansor\/\" target=\"_self\">Devam\u0131n\u0131 G\u00f6ster <i class=\"fa fa-chevron-right id-color\"><\/i><\/a>    <\/p>\n    \t\n[\/vc_column][\/vc_row]<\/p>\n<\/section>","protected":false},"excerpt":{"rendered":"<p>[vc_row][vc_column width=&#8221;1\/2&#8243;][\/vc_column][vc_column width=&#8221;1\/2&#8243;][\/vc_column][\/vc_row]<\/p>\n","protected":false},"author":1,"featured_media":0,"parent":0,"menu_order":0,"comment_status":"closed","ping_status":"closed","template":"page-templates\/template-fullwidth.php","meta":{"footnotes":""},"class_list":["post-1523","page","type-page","status-publish","hentry"],"_links":{"self":[{"href":"https:\/\/liftpoint.com.tr\/tr\/wp-json\/wp\/v2\/pages\/1523","targetHints":{"allow":["GET"]}}],"collection":[{"href":"https:\/\/liftpoint.com.tr\/tr\/wp-json\/wp\/v2\/pages"}],"about":[{"href":"https:\/\/liftpoint.com.tr\/tr\/wp-json\/wp\/v2\/types\/page"}],"author":[{"embeddable":true,"href":"https:\/\/liftpoint.com.tr\/tr\/wp-json\/wp\/v2\/users\/1"}],"replies":[{"embeddable":true,"href":"https:\/\/liftpoint.com.tr\/tr\/wp-json\/wp\/v2\/comments?post=1523"}],"version-history":[{"count":8,"href":"https:\/\/liftpoint.com.tr\/tr\/wp-json\/wp\/v2\/pages\/1523\/revisions"}],"predecessor-version":[{"id":1633,"href":"https:\/\/liftpoint.com.tr\/tr\/wp-json\/wp\/v2\/pages\/1523\/revisions\/1633"}],"wp:attachment":[{"href":"https:\/\/liftpoint.com.tr\/tr\/wp-json\/wp\/v2\/media?parent=1523"}],"curies":[{"name":"wp","href":"https:\/\/api.w.org\/{rel}","templated":true}]}}