{"id":1506,"date":"2023-02-08T21:30:55","date_gmt":"2023-02-08T21:30:55","guid":{"rendered":"https:\/\/liftpoint.com.tr\/tr\/?page_id=1506"},"modified":"2023-02-20T08:16:09","modified_gmt":"2023-02-20T08:16:09","slug":"mr-paket-asansor","status":"publish","type":"page","link":"https:\/\/liftpoint.com.tr\/tr\/mr-paket-asansor\/","title":{"rendered":"MR Paket Asans\u00f6r"},"content":{"rendered":"<section class=\"wpb-content-wrapper\"><p>[vc_row][vc_column width=&#8221;4\/12&#8243;][vc_single_image image=&#8221;1517&#8243; img_size=&#8221;full&#8221;][\/vc_column][vc_column width=&#8221;5\/12&#8243;][vc_custom_heading text=&#8221;MR PAKET ASANS\u00d6R&#8221; font_container=&#8221;tag:h3|text_align:left&#8221; use_theme_fonts=&#8221;yes&#8221; css=&#8221;.vc_custom_1675891739081{margin-top: 20px !important;}&#8221;][vc_separator css=&#8221;.vc_custom_1675891647705{padding-top: 5px !important;padding-bottom: 15px !important;}&#8221;][vc_column_text]<\/p>\n<p align=\"justify\">Asans\u00f6r tahrikinin asans\u00f6r bo\u015flu\u011funun \u00fczerine in\u015fa edilmi\u015f bir odaya yerle\u015ftirildi\u011fi bir asans\u00f6r t\u00fcr\u00fcd\u00fcr. Modern mimari projelerde estetik olmas\u0131 ve yap\u0131n\u0131n ekonomik de\u011ferini art\u0131rmas\u0131 a\u00e7\u0131s\u0131ndan tercih edilmemektedir. Makine dairesi asans\u00f6rleri, \u015faft\u0131n \u00fczerinde bir makine dairesi kulesi gerektirdi\u011finden dezavantajl\u0131d\u0131r. Makine daireli asans\u00f6rlerde genellikle di\u015fli (asenkron) makine-motor grubu kullan\u0131lmakla birlikte di\u015flisiz motorlar tercih edilmektedir.<\/p>\n<p>01.Kontrol Panosu<br \/>\n02.Reg\u00fclat\u00f6r<br \/>\n03.Kabin Kap\u0131s\u0131<br \/>\n04.Kabin<br \/>\n05.Kat Kap\u0131s\u0131<br \/>\n06.Motor<br \/>\n07.Ray<br \/>\n08.A\u011f\u0131rl\u0131k Karkas\u0131<br \/>\n09.Tampon[\/vc_column_text][\/vc_column][vc_column width=&#8221;3\/12&#8243;][vc_single_image image=&#8221;1209&#8243; img_size=&#8221;full&#8221;][vc_wp_text]<a class=\"btn btn-custom btn-bg-dark btn-text-light btn-icon-left btn-fx width100\" href=\"https:\/\/liftpoint.com.tr\/e-katalog\/\" target=\"_blank\" rel=\"noopener\"><i class=\"fa fa-file-pdf-o\"><\/i>E-Katalog<\/a>[\/vc_wp_text][vc_wp_text]<\/p>\n<div class=\"padding30 text-black\">\n<h4>Dikkat!<\/h4>\n<p>Bir sonraki asans\u00f6r projeniz i\u00e7in en iyi orta\u011f\u0131 m\u0131 ar\u0131yorsunuz? En iyi fiyat ve kaliteli \u00fcr\u00fcnlerin imalt\u0131 i\u00e7in bize ula\u015f\u0131n.<\/p>\n<div class=\"text-center\"><a class=\"btn btn-line-black btn-fx mt20\" href=\"https:\/\/liftpoint.com.tr\/tr\/iletisim\/\">Bize Ula\u015f\u0131n<\/a><\/div>\n<\/div>\n<p>[\/vc_wp_text][\/vc_column][\/vc_row]<\/p>\n<\/section>","protected":false},"excerpt":{"rendered":"<p>[vc_row][vc_column width=&#8221;4\/12&#8243;][vc_single_image image=&#8221;1517&#8243; img_size=&#8221;full&#8221;][\/vc_column][vc_column width=&#8221;5\/12&#8243;][vc_custom_heading text=&#8221;MR PAKET ASANS\u00d6R&#8221; font_container=&#8221;tag:h3|text_align:left&#8221; use_theme_fonts=&#8221;yes&#8221; css=&#8221;.vc_custom_1675891739081{margin-top: 20px !important;}&#8221;][vc_separator css=&#8221;.vc_custom_1675891647705{padding-top: 5px !important;padding-bottom: 15px !important;}&#8221;][vc_column_text] Asans\u00f6r tahrikinin asans\u00f6r bo\u015flu\u011funun \u00fczerine in\u015fa edilmi\u015f bir odaya yerle\u015ftirildi\u011fi bir asans\u00f6r t\u00fcr\u00fcd\u00fcr. Modern mimari projelerde estetik olmas\u0131 ve yap\u0131n\u0131n ekonomik de\u011ferini art\u0131rmas\u0131 a\u00e7\u0131s\u0131ndan tercih edilmemektedir. Makine dairesi asans\u00f6rleri, \u015faft\u0131n \u00fczerinde bir makine dairesi kulesi gerektirdi\u011finden dezavantajl\u0131d\u0131r. [&hellip;]<\/p>\n","protected":false},"author":1,"featured_media":0,"parent":0,"menu_order":0,"comment_status":"closed","ping_status":"closed","template":"page-templates\/template-fullwidth.php","meta":{"footnotes":""},"class_list":["post-1506","page","type-page","status-publish","hentry"],"_links":{"self":[{"href":"https:\/\/liftpoint.com.tr\/tr\/wp-json\/wp\/v2\/pages\/1506","targetHints":{"allow":["GET"]}}],"collection":[{"href":"https:\/\/liftpoint.com.tr\/tr\/wp-json\/wp\/v2\/pages"}],"about":[{"href":"https:\/\/liftpoint.com.tr\/tr\/wp-json\/wp\/v2\/types\/page"}],"author":[{"embeddable":true,"href":"https:\/\/liftpoint.com.tr\/tr\/wp-json\/wp\/v2\/users\/1"}],"replies":[{"embeddable":true,"href":"https:\/\/liftpoint.com.tr\/tr\/wp-json\/wp\/v2\/comments?post=1506"}],"version-history":[{"count":4,"href":"https:\/\/liftpoint.com.tr\/tr\/wp-json\/wp\/v2\/pages\/1506\/revisions"}],"predecessor-version":[{"id":1664,"href":"https:\/\/liftpoint.com.tr\/tr\/wp-json\/wp\/v2\/pages\/1506\/revisions\/1664"}],"wp:attachment":[{"href":"https:\/\/liftpoint.com.tr\/tr\/wp-json\/wp\/v2\/media?parent=1506"}],"curies":[{"name":"wp","href":"https:\/\/api.w.org\/{rel}","templated":true}]}}