{"id":1505,"date":"2023-02-08T21:24:36","date_gmt":"2023-02-08T21:24:36","guid":{"rendered":"https:\/\/liftpoint.com.tr\/tr\/?page_id=1505"},"modified":"2023-02-20T08:16:18","modified_gmt":"2023-02-20T08:16:18","slug":"mrl-paket-asansor","status":"publish","type":"page","link":"https:\/\/liftpoint.com.tr\/tr\/mrl-paket-asansor\/","title":{"rendered":"MRL Paket Asans\u00f6r"},"content":{"rendered":"<section class=\"wpb-content-wrapper\"><p>[vc_row][vc_column width=&#8221;4\/12&#8243;][vc_single_image image=&#8221;1507&#8243; img_size=&#8221;full&#8221;][\/vc_column][vc_column width=&#8221;5\/12&#8243;][vc_custom_heading text=&#8221;MRL PAKET ASANS\u00d6R&#8221; font_container=&#8221;tag:h3|text_align:left&#8221; use_theme_fonts=&#8221;yes&#8221; css=&#8221;.vc_custom_1675891591495{margin-top: 20px !important;}&#8221;][vc_separator css=&#8221;.vc_custom_1675891647705{padding-top: 5px !important;padding-bottom: 15px !important;}&#8221;][vc_column_text]<\/p>\n<p align=\"justify\">Makine Dairesiz (MRL) yolcu asans\u00f6rleri ilk olarak Avrupa\u2019da geli\u015ftirildi ve d\u00fcnyada h\u0131zla pop\u00fclerlik kazan\u0131yor.<\/p>\n<p align=\"justify\">MRL yerden, paradan, enerjiden ve zamandan tasarruf etmek i\u00e7in tasarlanm\u0131\u015f heyecan verici yeni bir asans\u00f6r konfig\u00fcrasyonudur. Yolcular\u0131 h\u0131zla gidecekleri yere g\u00f6t\u00fcrmesi gereken orta katl\u0131 binalar i\u00e7in iyi bir se\u00e7imdir.<\/p>\n<p align=\"justify\">MRL Asans\u00f6r Avantajlar\u0131 MRL\u2019ler, kompakt, di\u015flisiz makineyi do\u011frudan asans\u00f6r bo\u015flu\u011funa yerle\u015ftirerek yerden tasarruf sa\u011flar. Bina in\u015faat maliyetlerini potansiyel olarak d\u00fc\u015f\u00fcren bir \u00e7at\u0131 \u00fcst\u00fc makine dairesine ihtiya\u00e7 yoktur. Di\u015flisiz makineler ve MRL\u2019lerin kar\u015f\u0131 a\u011f\u0131rl\u0131k konfig\u00fcrasyonu, enerji verimlili\u011fini art\u0131r\u0131r ve sorunsuz, sessiz bir s\u00fcr\u00fc\u015f sa\u011flar. MRL\u2019ler tipik olarak geleneksel hidrolik asans\u00f6rlerden daha h\u0131zl\u0131 hareket eder ve bu da binicilere zaman kazand\u0131r\u0131r.<\/p>\n<p>01.Reg\u00fclat\u00f6r<br \/>\n02.Kabin Kap\u0131s\u0131<br \/>\n03.Kabin<br \/>\n04.Kontrol Panosu<br \/>\n05.Kat Kap\u0131s\u0131<br \/>\n06.Makine<br \/>\n07.Ray<br \/>\n08.A\u011f\u0131rl\u0131k Karkas\u0131<br \/>\n09.Tampon[\/vc_column_text][\/vc_column][vc_column width=&#8221;3\/12&#8243;][vc_single_image image=&#8221;1209&#8243; img_size=&#8221;full&#8221;][vc_wp_text]<a class=\"btn btn-custom btn-bg-dark btn-text-light btn-icon-left btn-fx width100\" href=\"https:\/\/liftpoint.com.tr\/e-katalog\/\" target=\"_blank\" rel=\"noopener\"><i class=\"fa fa-file-pdf-o\"><\/i>E-Katalog<\/a>[\/vc_wp_text][vc_wp_text]<\/p>\n<div class=\"padding30 text-black\">\n<h4>Dikkat!<\/h4>\n<p>Bir sonraki asans\u00f6r projeniz i\u00e7in en iyi orta\u011f\u0131 m\u0131 ar\u0131yorsunuz? En iyi fiyat ve kaliteli \u00fcr\u00fcnlerin imalt\u0131 i\u00e7in bize ula\u015f\u0131n.<\/p>\n<div class=\"text-center\"><a class=\"btn btn-line-black btn-fx mt20\" href=\"https:\/\/liftpoint.com.tr\/tr\/iletisim\/\">Bize Ula\u015f\u0131n<\/a><\/div>\n<\/div>\n<p>[\/vc_wp_text][\/vc_column][\/vc_row]<\/p>\n<\/section>","protected":false},"excerpt":{"rendered":"<p>[vc_row][vc_column width=&#8221;4\/12&#8243;][vc_single_image image=&#8221;1507&#8243; img_size=&#8221;full&#8221;][\/vc_column][vc_column width=&#8221;5\/12&#8243;][vc_custom_heading text=&#8221;MRL PAKET ASANS\u00d6R&#8221; font_container=&#8221;tag:h3|text_align:left&#8221; use_theme_fonts=&#8221;yes&#8221; css=&#8221;.vc_custom_1675891591495{margin-top: 20px !important;}&#8221;][vc_separator css=&#8221;.vc_custom_1675891647705{padding-top: 5px !important;padding-bottom: 15px !important;}&#8221;][vc_column_text] Makine Dairesiz (MRL) yolcu asans\u00f6rleri ilk olarak Avrupa\u2019da geli\u015ftirildi ve d\u00fcnyada h\u0131zla pop\u00fclerlik kazan\u0131yor. MRL yerden, paradan, enerjiden ve zamandan tasarruf etmek i\u00e7in tasarlanm\u0131\u015f heyecan verici yeni bir asans\u00f6r konfig\u00fcrasyonudur. Yolcular\u0131 h\u0131zla gidecekleri yere g\u00f6t\u00fcrmesi gereken orta [&hellip;]<\/p>\n","protected":false},"author":1,"featured_media":0,"parent":0,"menu_order":0,"comment_status":"closed","ping_status":"closed","template":"page-templates\/template-fullwidth.php","meta":{"footnotes":""},"class_list":["post-1505","page","type-page","status-publish","hentry"],"_links":{"self":[{"href":"https:\/\/liftpoint.com.tr\/tr\/wp-json\/wp\/v2\/pages\/1505","targetHints":{"allow":["GET"]}}],"collection":[{"href":"https:\/\/liftpoint.com.tr\/tr\/wp-json\/wp\/v2\/pages"}],"about":[{"href":"https:\/\/liftpoint.com.tr\/tr\/wp-json\/wp\/v2\/types\/page"}],"author":[{"embeddable":true,"href":"https:\/\/liftpoint.com.tr\/tr\/wp-json\/wp\/v2\/users\/1"}],"replies":[{"embeddable":true,"href":"https:\/\/liftpoint.com.tr\/tr\/wp-json\/wp\/v2\/comments?post=1505"}],"version-history":[{"count":12,"href":"https:\/\/liftpoint.com.tr\/tr\/wp-json\/wp\/v2\/pages\/1505\/revisions"}],"predecessor-version":[{"id":1665,"href":"https:\/\/liftpoint.com.tr\/tr\/wp-json\/wp\/v2\/pages\/1505\/revisions\/1665"}],"wp:attachment":[{"href":"https:\/\/liftpoint.com.tr\/tr\/wp-json\/wp\/v2\/media?parent=1505"}],"curies":[{"name":"wp","href":"https:\/\/api.w.org\/{rel}","templated":true}]}}