{"id":1500,"date":"2023-02-08T21:19:02","date_gmt":"2023-02-08T21:19:02","guid":{"rendered":"https:\/\/liftpoint.com.tr\/tr\/?page_id=1500"},"modified":"2023-02-20T08:16:00","modified_gmt":"2023-02-20T08:16:00","slug":"yuruyen-merdiven","status":"publish","type":"page","link":"https:\/\/liftpoint.com.tr\/tr\/yuruyen-merdiven\/","title":{"rendered":"Y\u00fcr\u00fcyen Merdiven"},"content":{"rendered":"<section class=\"wpb-content-wrapper\"><p>[vc_row][vc_column offset=&#8221;vc_col-md-9&#8243;][vc_images_carousel images=&#8221;1501,1645&#8243; img_size=&#8221;full&#8221; onclick=&#8221;link_no&#8221; speed=&#8221;2500&#8243; autoplay=&#8221;yes&#8221; wrap=&#8221;yes&#8221;][vc_custom_heading text=&#8221;Y\u00fcr\u00fcyen Merdivenler ve Bantlar&#8221; font_container=&#8221;tag:h3|text_align:left&#8221; use_theme_fonts=&#8221;yes&#8221; css=&#8221;.vc_custom_1675891140014{margin-top: 20px !important;}&#8221;][vc_column_text]<\/p>\n<p align=\"justify\">Y\u00fcr\u00fcyen merdivenler ve yaya yollar\u0131 g\u00fcn\u00fcm\u00fcz\u00fcn en \u00f6nemli ula\u015f\u0131m ara\u00e7lar\u0131 aras\u0131nda yer almakta olup s\u00fcrekli ve g\u00fcvenli bir \u015fekilde insan ula\u015f\u0131m\u0131n\u0131n sa\u011flanaca\u011f\u0131 yerlerde yap\u0131lmaktad\u0131r. Hem dikey hem de yatay olarak uygulanabilen kullan\u0131\u015fl\u0131 ve verimli ta\u015f\u0131ma sistemleridir. Havalimanlar\u0131, tren istasyonlar\u0131, metro istasyonlar\u0131, \u00fcst ge\u00e7itler, plazalar, ofisler, oteller, kamu binalar\u0131, hastaneler, stadyumlar, tiyatro ve sinema salonlar\u0131, al\u0131\u015fveri\u015f merkezleri gibi alanlarda s\u0131kl\u0131kla g\u00f6r\u00fclen y\u00fcr\u00fcyen merdivenler, yaya trafi\u011fi i\u00e7in katlar aras\u0131nda b\u00fcy\u00fck rahatl\u0131k sa\u011fl\u0131yor. asans\u00f6rlerin pratik olmad\u0131\u011f\u0131 yerlerde.<\/p>\n<p align=\"justify\">Ticari a\u00e7\u0131dan \u00e7ok de\u011ferli olan yap\u0131larda \u00fcst ve zemin katlar\u0131 kullan\u0131\u015fl\u0131 hale getirdi\u011fi i\u00e7in en \u00f6nemli ula\u015f\u0131m ara\u00e7lar\u0131ndan biridir. H\u0131zl\u0131 kentle\u015fme ile birlikte insan trafi\u011finin yo\u011fun oldu\u011fu yerlerde kalabal\u0131\u011f\u0131n ak\u0131\u015f\u0131n\u0131 sa\u011flayan y\u00fcr\u00fcyen merdivenler ve yaya yollar\u0131, ilk icat edildikleri g\u00fcnden bu yana teknolojinin geli\u015fmesiyle birlikte binalar\u0131n de\u011ferini art\u0131ran vazge\u00e7ilmez ula\u015f\u0131m sistemleridir.[\/vc_column_text][\/vc_column][vc_column offset=&#8221;vc_col-md-3&#8243; css=&#8221;.vc_custom_1675880153386{padding-top: 0px !important;padding-bottom: 0px !important;}&#8221;][vc_single_image image=&#8221;1209&#8243; img_size=&#8221;full&#8221;][vc_wp_text]<a class=\"btn btn-custom btn-bg-dark btn-text-light btn-icon-left btn-fx width100\" href=\"https:\/\/liftpoint.com.tr\/e-katalog\/\" target=\"_blank\" rel=\"noopener\"><i class=\"fa fa-file-pdf-o\"><\/i>E-Katalog<\/a>[\/vc_wp_text][vc_wp_text]<\/p>\n<div class=\"padding30 text-black\">\n<h4>Dikkat!<\/h4>\n<p>Bir sonraki asans\u00f6r projeniz i\u00e7in en iyi orta\u011f\u0131 m\u0131 ar\u0131yorsunuz? En iyi fiyat ve kaliteli \u00fcr\u00fcnlerin imalt\u0131 i\u00e7in bize ula\u015f\u0131n.<\/p>\n<div class=\"text-center\"><a class=\"btn btn-line-black btn-fx mt20\" href=\"https:\/\/liftpoint.com.tr\/tr\/iletisim\/\">Bize Ula\u015f\u0131n<\/a><\/div>\n<\/div>\n<p>[\/vc_wp_text][\/vc_column][\/vc_row]<\/p>\n<\/section>","protected":false},"excerpt":{"rendered":"<p>[vc_row][vc_column offset=&#8221;vc_col-md-9&#8243;][vc_images_carousel images=&#8221;1501,1645&#8243; img_size=&#8221;full&#8221; onclick=&#8221;link_no&#8221; speed=&#8221;2500&#8243; autoplay=&#8221;yes&#8221; wrap=&#8221;yes&#8221;][vc_custom_heading text=&#8221;Y\u00fcr\u00fcyen Merdivenler ve Bantlar&#8221; font_container=&#8221;tag:h3|text_align:left&#8221; use_theme_fonts=&#8221;yes&#8221; css=&#8221;.vc_custom_1675891140014{margin-top: 20px !important;}&#8221;][vc_column_text] Y\u00fcr\u00fcyen merdivenler ve yaya yollar\u0131 g\u00fcn\u00fcm\u00fcz\u00fcn en \u00f6nemli ula\u015f\u0131m ara\u00e7lar\u0131 aras\u0131nda yer almakta olup s\u00fcrekli ve g\u00fcvenli bir \u015fekilde insan ula\u015f\u0131m\u0131n\u0131n sa\u011flanaca\u011f\u0131 yerlerde yap\u0131lmaktad\u0131r. Hem dikey hem de yatay olarak uygulanabilen kullan\u0131\u015fl\u0131 ve verimli ta\u015f\u0131ma sistemleridir. Havalimanlar\u0131, tren [&hellip;]<\/p>\n","protected":false},"author":1,"featured_media":0,"parent":0,"menu_order":0,"comment_status":"closed","ping_status":"closed","template":"page-templates\/template-fullwidth.php","meta":{"footnotes":""},"class_list":["post-1500","page","type-page","status-publish","hentry"],"_links":{"self":[{"href":"https:\/\/liftpoint.com.tr\/tr\/wp-json\/wp\/v2\/pages\/1500","targetHints":{"allow":["GET"]}}],"collection":[{"href":"https:\/\/liftpoint.com.tr\/tr\/wp-json\/wp\/v2\/pages"}],"about":[{"href":"https:\/\/liftpoint.com.tr\/tr\/wp-json\/wp\/v2\/types\/page"}],"author":[{"embeddable":true,"href":"https:\/\/liftpoint.com.tr\/tr\/wp-json\/wp\/v2\/users\/1"}],"replies":[{"embeddable":true,"href":"https:\/\/liftpoint.com.tr\/tr\/wp-json\/wp\/v2\/comments?post=1500"}],"version-history":[{"count":10,"href":"https:\/\/liftpoint.com.tr\/tr\/wp-json\/wp\/v2\/pages\/1500\/revisions"}],"predecessor-version":[{"id":1663,"href":"https:\/\/liftpoint.com.tr\/tr\/wp-json\/wp\/v2\/pages\/1500\/revisions\/1663"}],"wp:attachment":[{"href":"https:\/\/liftpoint.com.tr\/tr\/wp-json\/wp\/v2\/media?parent=1500"}],"curies":[{"name":"wp","href":"https:\/\/api.w.org\/{rel}","templated":true}]}}