{"id":1231,"date":"2023-02-08T18:48:30","date_gmt":"2023-02-08T18:48:30","guid":{"rendered":"https:\/\/liftpoint.com.tr\/tr\/?page_id=1231"},"modified":"2023-02-20T08:15:51","modified_gmt":"2023-02-20T08:15:51","slug":"engelli-platformlari","status":"publish","type":"page","link":"https:\/\/liftpoint.com.tr\/tr\/engelli-platformlari\/","title":{"rendered":"Engelli Platformlar\u0131"},"content":{"rendered":"<section class=\"wpb-content-wrapper\"><p>[vc_row][vc_column offset=&#8221;vc_col-md-9&#8243;][vc_single_image image=&#8221;1498&#8243; img_size=&#8221;full&#8221;][vc_custom_heading text=&#8221;Engelli Platformlar\u0131&#8221; font_container=&#8221;tag:h3|text_align:left&#8221; use_theme_fonts=&#8221;yes&#8221; css=&#8221;.vc_custom_1675882098818{margin-top: 20px !important;}&#8221;][vc_column_text]<\/p>\n<p align=\"justify\">Engelli Asans\u00f6rleri ev modeli, merdiven modeli ve peron modeli olmak \u00fczere \u00fc\u00e7 farkl\u0131 \u015fekilde tasarlanmaktad\u0131r.<\/p>\n<p align=\"justify\">\u015eu anda bu engelli asans\u00f6rlerinden bebek arabas\u0131 kullananlar, y\u00fcr\u00fcmekte zorluk \u00e7ekenler ve hamileler yararlanmaktad\u0131r. Bu asans\u00f6rleri kullanan ki\u015fi say\u0131s\u0131 artt\u0131k\u00e7a tasar\u0131mlar daha verimli hale gelmektedir.<\/p>\n<p align=\"justify\">Liftpoint engelli asans\u00f6rlerini y\u00f6netmeliklere uygun eri\u015filebilirlik ilkesi do\u011frultusunda \u00fcretmektedir. Bu asans\u00f6rlerin rahat, g\u00fcvenli ve eri\u015filebilir olmas\u0131 i\u00e7in tasar\u0131mlar\u0131n\u0131 \u00f6zel bir hassasiyetle geli\u015ftiriyorlar. Engelleri ortadan kald\u0131ran bu asans\u00f6rler her b\u00fct\u00e7eye hitap etmektedir. Kaliteli ve g\u00fcvenli tasar\u0131mlar\u0131m\u0131z, herkesin binalarda rahat\u00e7a inip \u00e7\u0131kmas\u0131n\u0131 hedefliyor.<\/p>\n<p align=\"justify\">Engelli asans\u00f6rlerimiz hem bina i\u00e7i hem de bina d\u0131\u015f\u0131 kullan\u0131ma uygun olarak tasarlan\u0131p imal edilmektedir. Kullan\u0131m yerleri genel olarak kamu kurumlar\u0131, konutlar, m\u00fcstakil evler, villalar, huzurevleri ve i\u015fyerleridir.[\/vc_column_text][\/vc_column][vc_column offset=&#8221;vc_col-md-3&#8243; css=&#8221;.vc_custom_1675880153386{padding-top: 0px !important;padding-bottom: 0px !important;}&#8221;][vc_single_image image=&#8221;1209&#8243; img_size=&#8221;full&#8221;][vc_wp_text]<a class=\"btn btn-custom btn-bg-dark btn-text-light btn-icon-left btn-fx width100\" href=\"https:\/\/liftpoint.com.tr\/e-katalog\/\" target=\"_blank\" rel=\"noopener\"><i class=\"fa fa-file-pdf-o\"><\/i>E-Katalog<\/a>[\/vc_wp_text][vc_wp_text]<\/p>\n<div class=\"padding30 text-black\">\n<h4>Dikkat!<\/h4>\n<p>Bir sonraki asans\u00f6r projeniz i\u00e7in en iyi orta\u011f\u0131 m\u0131 ar\u0131yorsunuz? En iyi fiyat ve kaliteli \u00fcr\u00fcnlerin imalt\u0131 i\u00e7in bize ula\u015f\u0131n.<\/p>\n<div class=\"text-center\"><a class=\"btn btn-line-black btn-fx mt20\" href=\"https:\/\/liftpoint.com.tr\/tr\/iletisim\/\">Bize Ula\u015f\u0131n<\/a><\/div>\n<\/div>\n<p>[\/vc_wp_text][\/vc_column][\/vc_row]<\/p>\n<\/section>","protected":false},"excerpt":{"rendered":"<p>[vc_row][vc_column offset=&#8221;vc_col-md-9&#8243;][vc_single_image image=&#8221;1498&#8243; img_size=&#8221;full&#8221;][vc_custom_heading text=&#8221;Engelli Platformlar\u0131&#8221; font_container=&#8221;tag:h3|text_align:left&#8221; use_theme_fonts=&#8221;yes&#8221; css=&#8221;.vc_custom_1675882098818{margin-top: 20px !important;}&#8221;][vc_column_text] Engelli Asans\u00f6rleri ev modeli, merdiven modeli ve peron modeli olmak \u00fczere \u00fc\u00e7 farkl\u0131 \u015fekilde tasarlanmaktad\u0131r. \u015eu anda bu engelli asans\u00f6rlerinden bebek arabas\u0131 kullananlar, y\u00fcr\u00fcmekte zorluk \u00e7ekenler ve hamileler yararlanmaktad\u0131r. Bu asans\u00f6rleri kullanan ki\u015fi say\u0131s\u0131 artt\u0131k\u00e7a tasar\u0131mlar daha verimli hale gelmektedir. Liftpoint engelli asans\u00f6rlerini y\u00f6netmeliklere [&hellip;]<\/p>\n","protected":false},"author":1,"featured_media":0,"parent":0,"menu_order":0,"comment_status":"closed","ping_status":"closed","template":"page-templates\/template-fullwidth.php","meta":{"footnotes":""},"class_list":["post-1231","page","type-page","status-publish","hentry"],"_links":{"self":[{"href":"https:\/\/liftpoint.com.tr\/tr\/wp-json\/wp\/v2\/pages\/1231","targetHints":{"allow":["GET"]}}],"collection":[{"href":"https:\/\/liftpoint.com.tr\/tr\/wp-json\/wp\/v2\/pages"}],"about":[{"href":"https:\/\/liftpoint.com.tr\/tr\/wp-json\/wp\/v2\/types\/page"}],"author":[{"embeddable":true,"href":"https:\/\/liftpoint.com.tr\/tr\/wp-json\/wp\/v2\/users\/1"}],"replies":[{"embeddable":true,"href":"https:\/\/liftpoint.com.tr\/tr\/wp-json\/wp\/v2\/comments?post=1231"}],"version-history":[{"count":7,"href":"https:\/\/liftpoint.com.tr\/tr\/wp-json\/wp\/v2\/pages\/1231\/revisions"}],"predecessor-version":[{"id":1662,"href":"https:\/\/liftpoint.com.tr\/tr\/wp-json\/wp\/v2\/pages\/1231\/revisions\/1662"}],"wp:attachment":[{"href":"https:\/\/liftpoint.com.tr\/tr\/wp-json\/wp\/v2\/media?parent=1231"}],"curies":[{"name":"wp","href":"https:\/\/api.w.org\/{rel}","templated":true}]}}