{"id":1222,"date":"2023-02-08T18:40:39","date_gmt":"2023-02-08T18:40:39","guid":{"rendered":"https:\/\/liftpoint.com.tr\/tr\/?page_id=1222"},"modified":"2023-02-20T08:15:40","modified_gmt":"2023-02-20T08:15:40","slug":"villa-asansoru","status":"publish","type":"page","link":"https:\/\/liftpoint.com.tr\/tr\/villa-asansoru\/","title":{"rendered":"Villa Asans\u00f6r\u00fc"},"content":{"rendered":"<section class=\"wpb-content-wrapper\"><p>[vc_row][vc_column offset=&#8221;vc_col-md-9&#8243;][vc_single_image image=&#8221;1496&#8243; img_size=&#8221;full&#8221;][vc_custom_heading text=&#8221;Villa Asans\u00f6r\u00fc&#8221; font_container=&#8221;tag:h3|text_align:left&#8221; use_theme_fonts=&#8221;yes&#8221; css=&#8221;.vc_custom_1675882122120{margin-top: 20px !important;}&#8221;][vc_column_text]<\/p>\n<p align=\"justify\">Binan\u0131n i\u00e7ine ve d\u0131\u015f\u0131na monte edilir. Asans\u00f6rler panoramik \u015faftl\u0131 veya \u015fafts\u0131z olarak tedarik edilebilir.<\/p>\n<p align=\"justify\">Kald\u0131rma mekanizmas\u0131 hidrolik veya vidal\u0131 olabilir. Ev asans\u00f6rlerinin h\u0131z ve y\u00fck kapasitesi i\u00e7in gereklilikler arka planda kaybolur, ana olanlar, modellerin kullan\u0131m kolayl\u0131\u011f\u0131 ve bak\u0131m kolayl\u0131\u011f\u0131, asans\u00f6r bo\u015fluklar\u0131n\u0131n kompaktl\u0131\u011f\u0131, makine dairesinin olmamas\u0131, asans\u00f6r\u00fcn benzersiz biti\u015fidir. kabin ve kap\u0131lar, g\u00fcvenlik ve d\u00fc\u015f\u00fck fiyat<\/p>\n<p align=\"justify\">Evler i\u00e7in asans\u00f6rler, bir yazl\u0131k, k\u0131r evi veya \u00e7ok katl\u0131 apartman dairesine asans\u00f6r montaj\u0131 i\u00e7in teknik \u00e7\u00f6z\u00fcmlerin kullan\u0131m kolayl\u0131\u011f\u0131n\u0131 ve uygun maliyetlili\u011fini ideal bir \u015fekilde birle\u015ftirir. Ev asans\u00f6r\u00fc, i\u00e7 mekanlara m\u00fckemmel uyum sa\u011flar, evin i\u00e7inde h\u0131zl\u0131 ve rahat hareket etme sorunlar\u0131n\u0131 ba\u015far\u0131yla \u00e7\u00f6zer.[\/vc_column_text][\/vc_column][vc_column offset=&#8221;vc_col-md-3&#8243; css=&#8221;.vc_custom_1675880153386{padding-top: 0px !important;padding-bottom: 0px !important;}&#8221;][vc_single_image image=&#8221;1209&#8243; img_size=&#8221;full&#8221;][vc_wp_text]<a class=\"btn btn-custom btn-bg-dark btn-text-light btn-icon-left btn-fx width100\" href=\"https:\/\/liftpoint.com.tr\/e-katalog\/\" target=\"_blank\" rel=\"noopener\"><i class=\"fa fa-file-pdf-o\"><\/i>E-Katalog<\/a>[\/vc_wp_text][vc_wp_text]<\/p>\n<div class=\"padding30 text-black\">\n<h4>Dikkat!<\/h4>\n<p>Bir sonraki asans\u00f6r projeniz i\u00e7in en iyi orta\u011f\u0131 m\u0131 ar\u0131yorsunuz? En iyi fiyat ve kaliteli \u00fcr\u00fcnlerin imalt\u0131 i\u00e7in bize ula\u015f\u0131n.<\/p>\n<div class=\"text-center\"><a class=\"btn btn-line-black btn-fx mt20\" href=\"https:\/\/liftpoint.com.tr\/tr\/iletisim\/\">Bize Ula\u015f\u0131n<\/a><\/div>\n<\/div>\n<p>[\/vc_wp_text][\/vc_column][\/vc_row]<\/p>\n<\/section>","protected":false},"excerpt":{"rendered":"<p>[vc_row][vc_column offset=&#8221;vc_col-md-9&#8243;][vc_single_image image=&#8221;1496&#8243; img_size=&#8221;full&#8221;][vc_custom_heading text=&#8221;Villa Asans\u00f6r\u00fc&#8221; font_container=&#8221;tag:h3|text_align:left&#8221; use_theme_fonts=&#8221;yes&#8221; css=&#8221;.vc_custom_1675882122120{margin-top: 20px !important;}&#8221;][vc_column_text] Binan\u0131n i\u00e7ine ve d\u0131\u015f\u0131na monte edilir. Asans\u00f6rler panoramik \u015faftl\u0131 veya \u015fafts\u0131z olarak tedarik edilebilir. Kald\u0131rma mekanizmas\u0131 hidrolik veya vidal\u0131 olabilir. Ev asans\u00f6rlerinin h\u0131z ve y\u00fck kapasitesi i\u00e7in gereklilikler arka planda kaybolur, ana olanlar, modellerin kullan\u0131m kolayl\u0131\u011f\u0131 ve bak\u0131m kolayl\u0131\u011f\u0131, asans\u00f6r bo\u015fluklar\u0131n\u0131n kompaktl\u0131\u011f\u0131, makine dairesinin [&hellip;]<\/p>\n","protected":false},"author":1,"featured_media":0,"parent":0,"menu_order":0,"comment_status":"closed","ping_status":"closed","template":"page-templates\/template-fullwidth.php","meta":{"footnotes":""},"class_list":["post-1222","page","type-page","status-publish","hentry"],"_links":{"self":[{"href":"https:\/\/liftpoint.com.tr\/tr\/wp-json\/wp\/v2\/pages\/1222","targetHints":{"allow":["GET"]}}],"collection":[{"href":"https:\/\/liftpoint.com.tr\/tr\/wp-json\/wp\/v2\/pages"}],"about":[{"href":"https:\/\/liftpoint.com.tr\/tr\/wp-json\/wp\/v2\/types\/page"}],"author":[{"embeddable":true,"href":"https:\/\/liftpoint.com.tr\/tr\/wp-json\/wp\/v2\/users\/1"}],"replies":[{"embeddable":true,"href":"https:\/\/liftpoint.com.tr\/tr\/wp-json\/wp\/v2\/comments?post=1222"}],"version-history":[{"count":10,"href":"https:\/\/liftpoint.com.tr\/tr\/wp-json\/wp\/v2\/pages\/1222\/revisions"}],"predecessor-version":[{"id":1661,"href":"https:\/\/liftpoint.com.tr\/tr\/wp-json\/wp\/v2\/pages\/1222\/revisions\/1661"}],"wp:attachment":[{"href":"https:\/\/liftpoint.com.tr\/tr\/wp-json\/wp\/v2\/media?parent=1222"}],"curies":[{"name":"wp","href":"https:\/\/api.w.org\/{rel}","templated":true}]}}