{"id":1198,"date":"2023-02-08T18:08:39","date_gmt":"2023-02-08T18:08:39","guid":{"rendered":"https:\/\/liftpoint.com.tr\/tr\/?page_id=1198"},"modified":"2023-02-20T08:15:29","modified_gmt":"2023-02-20T08:15:29","slug":"hakkimizda","status":"publish","type":"page","link":"https:\/\/liftpoint.com.tr\/tr\/hakkimizda\/","title":{"rendered":"Hakk\u0131m\u0131zda"},"content":{"rendered":"<section class=\"wpb-content-wrapper\"><p>[vc_row][vc_column offset=&#8221;vc_col-md-9&#8243;][vc_single_image image=&#8221;1217&#8243; img_size=&#8221;full&#8221;][vc_custom_heading text=&#8221;Hakk\u0131m\u0131zda&#8221; font_container=&#8221;tag:h3|text_align:left&#8221; use_theme_fonts=&#8221;yes&#8221; css=&#8221;.vc_custom_1675880013649{margin-top: 20px !important;}&#8221;][vc_column_text]<\/p>\n<p align=\"justify\">Liftpoint kuruldu\u011fu g\u00fcnden bu yana asans\u00f6r sekt\u00f6r\u00fcn\u00fcn t\u00fcm sekt\u00f6rlerinde g\u00fcvenli, kaliteli ve yenilik\u00e7i teknolojileri kullanmay\u0131 ilke edinerek faaliyet g\u00f6stermektedir. M\u00fc\u015fterilerimize sundu\u011fumuz hizmetleri, bu sekt\u00f6rde edindi\u011fimiz tecr\u00fcbelerin \u00fczerine teknoloji ve yenilik takibinin sa\u011flad\u0131\u011f\u0131 t\u00fcm imkanlar\u0131 ekleyerek personelimize sundu\u011fumuz periyodik e\u011fitimler ile desteklemekteyiz. O y\u00fczden anahtar bizde, \u00e7\u00f6zemeyece\u011fimiz sorun yok diyoruz.<\/p>\n<p align=\"justify\"><strong>Her zaman \u00e7\u00f6z\u00fcme ula\u015f\u0131yoruz.<\/strong><br \/>\nAsans\u00f6rlerin her \u015feyden \u00f6nce kaliteli, g\u00fcvenli ve h\u0131zl\u0131 hizmet gerektirdi\u011fini bilerek, sekt\u00f6rde uzun y\u0131llar\u0131n vermi\u015f oldu\u011fu tecr\u00fcbe ile hem yurti\u00e7i hem de yurt d\u0131\u015f\u0131na perakende ve paket asans\u00f6r malzemeleri sat\u0131\u015f\u0131nda asans\u00f6r sekt\u00f6r\u00fcne kaliteli hizmet veren bir firmay\u0131z. Proje ne olursa olsun mutlaka bir \u00e7\u00f6z\u00fcm bulaca\u011f\u0131z.<\/p>\n<p align=\"justify\">\u00c7\u00f6z\u00fcmlerimiz ile projelerdeki mevcut i\u015f ve zaman kay\u0131plar\u0131n\u0131 ortadan kald\u0131rarak asans\u00f6r sekt\u00f6r\u00fcnde fark yarat\u0131yoruz.<\/p>\n<p>[\/vc_column_text][\/vc_column][vc_column offset=&#8221;vc_col-md-3&#8243; css=&#8221;.vc_custom_1675880153386{padding-top: 0px !important;padding-bottom: 0px !important;}&#8221;][vc_single_image image=&#8221;1209&#8243; img_size=&#8221;full&#8221;][vc_wp_text]<a class=\"btn btn-custom btn-bg-dark btn-text-light btn-icon-left btn-fx width100\" href=\"https:\/\/liftpoint.com.tr\/e-katalog\/\" target=\"_blank\" rel=\"noopener\"><i class=\"fa fa-file-pdf-o\"><\/i>E-Katalog<\/a>[\/vc_wp_text][vc_wp_text]<\/p>\n<div class=\"padding30 text-black\">\n<h4>Dikkat!<\/h4>\n<p>Bir sonraki asans\u00f6r projeniz i\u00e7in en iyi orta\u011f\u0131 m\u0131 ar\u0131yorsunuz? En iyi fiyat ve kaliteli \u00fcr\u00fcnlerin imalt\u0131 i\u00e7in bize ula\u015f\u0131n.<\/p>\n<div class=\"text-center\"><a class=\"btn btn-line-black btn-fx mt20\" href=\"https:\/\/liftpoint.com.tr\/tr\/iletisim\/\">Bize Ula\u015f\u0131n<\/a><\/div>\n<\/div>\n<p>[\/vc_wp_text][\/vc_column][\/vc_row]<\/p>\n<\/section>","protected":false},"excerpt":{"rendered":"<p>[vc_row][vc_column offset=&#8221;vc_col-md-9&#8243;][vc_single_image image=&#8221;1217&#8243; img_size=&#8221;full&#8221;][vc_custom_heading text=&#8221;Hakk\u0131m\u0131zda&#8221; font_container=&#8221;tag:h3|text_align:left&#8221; use_theme_fonts=&#8221;yes&#8221; css=&#8221;.vc_custom_1675880013649{margin-top: 20px !important;}&#8221;][vc_column_text] Liftpoint kuruldu\u011fu g\u00fcnden bu yana asans\u00f6r sekt\u00f6r\u00fcn\u00fcn t\u00fcm sekt\u00f6rlerinde g\u00fcvenli, kaliteli ve yenilik\u00e7i teknolojileri kullanmay\u0131 ilke edinerek faaliyet g\u00f6stermektedir. M\u00fc\u015fterilerimize sundu\u011fumuz hizmetleri, bu sekt\u00f6rde edindi\u011fimiz tecr\u00fcbelerin \u00fczerine teknoloji ve yenilik takibinin sa\u011flad\u0131\u011f\u0131 t\u00fcm imkanlar\u0131 ekleyerek personelimize sundu\u011fumuz periyodik e\u011fitimler ile desteklemekteyiz. O y\u00fczden anahtar bizde, [&hellip;]<\/p>\n","protected":false},"author":1,"featured_media":0,"parent":0,"menu_order":0,"comment_status":"closed","ping_status":"closed","template":"page-templates\/template-fullwidth.php","meta":{"footnotes":""},"class_list":["post-1198","page","type-page","status-publish","hentry"],"_links":{"self":[{"href":"https:\/\/liftpoint.com.tr\/tr\/wp-json\/wp\/v2\/pages\/1198","targetHints":{"allow":["GET"]}}],"collection":[{"href":"https:\/\/liftpoint.com.tr\/tr\/wp-json\/wp\/v2\/pages"}],"about":[{"href":"https:\/\/liftpoint.com.tr\/tr\/wp-json\/wp\/v2\/types\/page"}],"author":[{"embeddable":true,"href":"https:\/\/liftpoint.com.tr\/tr\/wp-json\/wp\/v2\/users\/1"}],"replies":[{"embeddable":true,"href":"https:\/\/liftpoint.com.tr\/tr\/wp-json\/wp\/v2\/comments?post=1198"}],"version-history":[{"count":20,"href":"https:\/\/liftpoint.com.tr\/tr\/wp-json\/wp\/v2\/pages\/1198\/revisions"}],"predecessor-version":[{"id":1660,"href":"https:\/\/liftpoint.com.tr\/tr\/wp-json\/wp\/v2\/pages\/1198\/revisions\/1660"}],"wp:attachment":[{"href":"https:\/\/liftpoint.com.tr\/tr\/wp-json\/wp\/v2\/media?parent=1198"}],"curies":[{"name":"wp","href":"https:\/\/api.w.org\/{rel}","templated":true}]}}