{"id":344,"date":"2016-12-12T10:19:56","date_gmt":"2016-12-12T10:19:56","guid":{"rendered":"http:\/\/localhost\/buildpro\/?page_id=344"},"modified":"2023-02-11T09:20:21","modified_gmt":"2023-02-11T09:20:21","slug":"home-1","status":"publish","type":"page","link":"https:\/\/liftpoint.com.tr\/ru\/","title":{"rendered":"Anasayfa"},"content":{"rendered":"<section class=\"wpb-content-wrapper\"><p>[vc_row content_placement=&#8221;top&#8221; parallax=&#8221;&#8221; css=&#8221;.vc_custom_1675865508547{padding-top: 0px !important;padding-bottom: 0px !important;}&#8221;][vc_column][rev_slider_vc alias=&#8221;home-5&#8243;][\/vc_column][\/vc_row][vc_row el_class=&#8221;bg-color&#8221; css=&#8221;.vc_custom_1675862629854{padding-top: 20px !important;padding-bottom: 20px !important;background-color: #2b2b2b !important;}&#8221;][vc_column]\n\t<div class=\"row call-to-action text-light\">\n\t\t<div class=\"col-md-8\">\n\t        <h3 class=\"mt10\">Bir sonraki asans\u00f6r i\u015fleriniz i\u00e7in en iyi orta\u011f\u0131 m\u0131 ar\u0131yorsunuz?<\/h3>\n\t    <\/div>\n\t    <div class=\"col-md-4 text-right\">\n\t    \t<a class=\"btn btn-line-white btn-fx\" href=\"https:\/\/liftpoint.com.tr\/e-katalog\/\" target=\"_blank\">E-KATALOG<\/a>\t    <\/div>\n    <\/div>\n\n[\/vc_column][\/vc_row][vc_row][vc_column offset=&#8221;vc_col-md-4&#8243;]\n\t\t<div class=\"feature-box-small-icon \">\n        <span class=\"icon\">\n        \t<i class=\"icon_box-checked id-color\"><\/i>\n        <\/span>\n        <div class=\"text\">\n            <h3>Profesyonel Kadro<\/h3>\n            Profesyonel ekibi ile \u00fcr\u00fcn tasar\u0131m\u0131ndan m\u00fc\u015fteri ile bulu\u015fmas\u0131na kadar her s\u00fcre\u00e7te m\u00fc\u015fterinin yan\u0131nda olur. <em>Profesyonel Ekip, G\u00fc\u00e7l\u00fc Kadro!<\/em><br \/>\n        <\/div>\n    <\/div>\n    \n[\/vc_column][vc_column offset=&#8221;vc_col-md-4&#8243;]\n\t\t<div class=\"feature-box-small-icon \">\n        <span class=\"icon\">\n        \t<i class=\"icon_box-checked id-color\"><\/i>\n        <\/span>\n        <div class=\"text\">\n            <h3>Zaman\u0131nda Teslimat<\/h3>\n            Kaliteli stok, do\u011fru planlama ve i\u015f disiplinimiz ile \u00fcr\u00fcnleri zaman\u0131nda teslim ediyoruz.        <\/div>\n    <\/div>\n    \n[\/vc_column][vc_column offset=&#8221;vc_col-md-4&#8243;]\n\t\t<div class=\"feature-box-small-icon \">\n        <span class=\"icon\">\n        \t<i class=\"icon_box-checked id-color\"><\/i>\n        <\/span>\n        <div class=\"text\">\n            <h3>M\u00fc\u015fteri Memnuniyeti<\/h3>\n            M\u00fc\u015fteri memnuniyeti esas alan marka, \u00fcst s\u0131n\u0131f \u00e7\u00f6z\u00fcmler \u00fcretir ve g\u00fc\u00e7l\u00fc kadrosu ile sat\u0131\u015f sonras\u0131nda da memnuniyeti sa\u011flar.        <\/div>\n    <\/div>\n    \n[\/vc_column][\/vc_row][vc_row css=&#8221;.vc_custom_1675864210501{padding-top: 33px !important;padding-bottom: 33px !important;background-image: url(https:\/\/liftpoint.com.tr\/ru\/wp-content\/uploads\/2023\/02\/bright-squares.png?id=1143) !important;}&#8221;][vc_column width=&#8221;1\/4&#8243;]\n\t<figure class=\"pic-hover hover-scale\">\n        <span class=\"center-xy\">\n        \t        <\/span>\n        <a href=\"https:\/\/liftpoint.com.tr\/ru\/mr-paket-asansor\/\"><span class=\"bg-overlay\"><\/span><\/a>        <img decoding=\"async\" src=\"https:\/\/liftpoint.com.tr\/ru\/wp-content\/uploads\/2023\/02\/mr-2.jpg\" class=\"img-responsive\" alt=\"\">\n    <\/figure>\n\n    <h3 class=\"mt20\">MR PAKET ASANS\u00d6R<\/h3>\n    <p>\n        <\/p>\n<p align=\"justify\">Asans\u00f6r tahrikinin asans\u00f6r bo\u015flu\u011funun \u00fczerine in\u015fa edilmi\u015f bir odaya yerle\u015ftirildi\u011fi bir asans\u00f6r t\u00fcr\u00fcd\u00fcr. Modern mimari projelerde yap\u0131n\u0131n ekonomik de\u011ferini art\u0131rmas\u0131 a\u00e7\u0131s\u0131ndan tercih edilmemektedir.<br \/>\n<a class=\"read_more\" href=\"https:\/\/liftpoint.com.tr\/ru\/mr-paket-asansor\/\" target=\"_self\" rel=\"noopener\">Devam\u0131n\u0131 G\u00f6ster <i class=\"fa fa-chevron-right id-color\"><\/i><\/a><\/p>\n<p>\t<br>\n\t\t    <\/p>\n    \t\n[\/vc_column][vc_column width=&#8221;1\/4&#8243;]\n\t<figure class=\"pic-hover hover-scale\">\n        <span class=\"center-xy\">\n        \t        <\/span>\n        <a href=\"https:\/\/liftpoint.com.tr\/ru\/mrl-paket-asansor\/\"><span class=\"bg-overlay\"><\/span><\/a>        <img decoding=\"async\" src=\"https:\/\/liftpoint.com.tr\/ru\/wp-content\/uploads\/2023\/02\/mrl-2.jpg\" class=\"img-responsive\" alt=\"\">\n    <\/figure>\n\n    <h3 class=\"mt20\">MRL PAKET ASANS\u00d6R<\/h3>\n    <p>\n        <\/p>\n<p align=\"justify\">MRL Asans\u00f6r Avantajlar\u0131 MRL\u2019ler, kompakt, di\u015flisiz makineyi do\u011frudan asans\u00f6r bo\u015flu\u011funa yerle\u015ftirerek yerden tasarruf sa\u011flar. Bina in\u015faat maliyetlerini d\u00fc\u015f\u00fcr\u00fcr, makine dairesine ihtiya\u00e7 yoktur.<br \/>\n<a class=\"read_more\" href=\"https:\/\/liftpoint.com.tr\/ru\/mrl-paket-asansor\/\" target=\"_self\" rel=\"noopener\">Devam\u0131n\u0131 G\u00f6ster <i class=\"fa fa-chevron-right id-color\"><\/i><\/a><\/p>\n<p>\t<br>\n\t\t    <\/p>\n    \t\n[\/vc_column][vc_column width=&#8221;1\/4&#8243;]\n\t<figure class=\"pic-hover hover-scale\">\n        <span class=\"center-xy\">\n        \t        <\/span>\n        <a href=\"https:\/\/liftpoint.com.tr\/ru\/villa-asansoru\/\"><span class=\"bg-overlay\"><\/span><\/a>        <img decoding=\"async\" src=\"https:\/\/liftpoint.com.tr\/ru\/wp-content\/uploads\/2023\/02\/liftvilla.jpg\" class=\"img-responsive\" alt=\"\">\n    <\/figure>\n\n    <h3 class=\"mt20\">V\u0130LLA ASANS\u00d6R\u00dc<\/h3>\n    <p>\n        <\/p>\n<p align=\"justify\">Evler i\u00e7in asans\u00f6rler, bir yazl\u0131k, k\u0131r evi veya \u00e7ok katl\u0131 apartman dairesine asans\u00f6r montaj\u0131 i\u00e7in teknik \u00e7\u00f6z\u00fcmlerin kullan\u0131m kolayl\u0131\u011f\u0131n\u0131 ve uygun maliyetlili\u011fini ideal bir \u015fekilde birle\u015ftirir.<br \/>\n<a class=\"read_more\" href=\"https:\/\/liftpoint.com.tr\/ru\/villa-asansoru\/\" target=\"_self\" rel=\"noopener\">Devam\u0131n\u0131 G\u00f6ster <i class=\"fa fa-chevron-right id-color\"><\/i><\/a><\/p>\n<p>\t<br>\n\t\t    <\/p>\n    \t\n[\/vc_column][vc_column width=&#8221;1\/4&#8243;]\n\t<figure class=\"pic-hover hover-scale\">\n        <span class=\"center-xy\">\n        \t        <\/span>\n        <a href=\"https:\/\/liftpoint.com.tr\/ru\/engelli-platformlari\/\"><span class=\"bg-overlay\"><\/span><\/a>        <img decoding=\"async\" src=\"https:\/\/liftpoint.com.tr\/ru\/wp-content\/uploads\/2023\/02\/engelli.jpg\" class=\"img-responsive\" alt=\"\">\n    <\/figure>\n\n    <h3 class=\"mt20\">Engelli Platformlar\u0131<\/h3>\n    <p>\n        <\/p>\n<p align=\"justify\">Engelli asans\u00f6rlerimiz hem bina i\u00e7i hem de bina d\u0131\u015f\u0131 kullan\u0131ma uygun olarak tasarlan\u0131p imal edilmektedir. Kullan\u0131m yerleri genel olarak kamu kurumlar\u0131, konutlar, m\u00fcstakil evler, villalar, huzurevleri ve i\u015fyerleridir.<br \/>\n<a class=\"read_more\" href=\"https:\/\/liftpoint.com.tr\/ru\/engelli-platformlari\/\" target=\"_self\" rel=\"noopener\">Devam\u0131n\u0131 G\u00f6ster <i class=\"fa fa-chevron-right id-color\"><\/i><\/a><\/p>\n<p>\t<br>\n\t\t    <\/p>\n    \t\n[\/vc_column][\/vc_row][vc_row equal_height=&#8221;yes&#8221; content_placement=&#8221;middle&#8221; css=&#8221;.vc_custom_1675865443179{padding-top: 0px !important;padding-bottom: 0px !important;}&#8221; el_id=&#8221;section-about&#8221;][vc_column css=&#8221;.vc_custom_1675896305614{background-image: url(https:\/\/liftpoint.com.tr\/ru\/wp-content\/uploads\/2023\/02\/lazer.jpg?id=1600) !important;background-position: center !important;background-repeat: no-repeat !important;background-size: cover !important;}&#8221; offset=&#8221;vc_col-md-4&#8243;][vc_column_text css=&#8221;.vc_custom_1481538533551{padding: 80px !important;}&#8221;][\/vc_column_text][\/vc_column][vc_column offset=&#8221;vc_col-md-4&#8243; css=&#8221;.vc_custom_1481614052502{padding-top: 0px !important;background-color: #f6f6f6 !important;}&#8221;][vc_column_text el_class=&#8221;padding60&#8243;]<\/p>\n<h2>Planlama <span class=\"tiny-border\">x<\/span><\/h2>\n<p>Modern kentlerin asans\u00f6r ihtiyac\u0131n\u0131 kar\u015f\u0131lamak i\u00e7in yeni teknolojilerin \u0131\u015f\u0131\u011f\u0131nda s\u00fcrekli geli\u015fen planlama becerisi ile m\u00fc\u015fteri memnuniyetini ilke edindik.[\/vc_column_text][\/vc_column][vc_column css=&#8221;.vc_custom_1676106819149{background-image: url(https:\/\/liftpoint.com.tr\/ru\/wp-content\/uploads\/2023\/02\/teknoloji.jpg?id=1642) !important;background-position: center !important;background-repeat: no-repeat !important;background-size: cover !important;}&#8221; offset=&#8221;vc_col-md-4&#8243;][vc_column_text css=&#8221;.vc_custom_1481538561107{padding: 80px !important;}&#8221;][\/vc_column_text][\/vc_column][\/vc_row][vc_row equal_height=&#8221;yes&#8221; content_placement=&#8221;middle&#8221; css=&#8221;.vc_custom_1675865451744{padding-top: 0px !important;padding-bottom: 0px !important;}&#8221;][vc_column offset=&#8221;vc_col-md-4&#8243; css=&#8221;.vc_custom_1481614055867{padding-top: 0px !important;background-color: #f6f6f6 !important;}&#8221;][vc_column_text el_class=&#8221;padding60&#8243;]<\/p>\n<h2>\u0130malat <span class=\"tiny-border\">x<\/span><\/h2>\n<p>Asans\u00f6r m\u00fchendisli\u011fi konusunda uzmanla\u015fm\u0131\u015f ekibimiz ile, mevcut yap\u0131n\u0131za uygun olan en iyi tasar\u0131m\u0131 g\u00fcvenli ve h\u0131zl\u0131 olarak size \u00f6zel \u00fcretiyoruz.[\/vc_column_text][\/vc_column][vc_column offset=&#8221;vc_col-md-4&#8243; css=&#8221;.vc_custom_1482477882261{background-image: url(http:\/\/demo.oceanthemes.net\/buildpro\/wp-content\/uploads\/2016\/08\/pic_2.jpg?id=945) !important;background-position: center !important;background-repeat: no-repeat !important;background-size: cover !important;}&#8221;][vc_column_text css=&#8221;.vc_custom_1481538561107{padding: 80px !important;}&#8221;][\/vc_column_text][\/vc_column][vc_column offset=&#8221;vc_col-md-4&#8243; css=&#8221;.vc_custom_1481614059637{padding-top: 0px !important;background-color: #f6f6f6 !important;}&#8221;][vc_column_text el_class=&#8221;padding60&#8243;]<\/p>\n<h2>Teknoloji <span class=\"tiny-border\">x<\/span><\/h2>\n<p>T\u00fcm asans\u00f6r sistem yaz\u0131l\u0131mlar\u0131 ile kolay etkile\u015fim sa\u011flayan ve verilen b\u00fct\u00fcn komutlar\u0131 en uygun \u015fekilde yerine getiren sistemin tamam\u0131n\u0131 tasarl\u0131yor ve \u00fcretiyoruz.[\/vc_column_text][\/vc_column][\/vc_row]<\/p>\n<\/section>","protected":false},"excerpt":{"rendered":"<p>[vc_row content_placement=&#8221;top&#8221; parallax=&#8221;&#8221; css=&#8221;.vc_custom_1675865508547{padding-top: 0px !important;padding-bottom: 0px !important;}&#8221;][vc_column][rev_slider_vc alias=&#8221;home-5&#8243;][\/vc_column][\/vc_row][vc_row el_class=&#8221;bg-color&#8221; css=&#8221;.vc_custom_1675862629854{padding-top: 20px !important;padding-bottom: 20px !important;background-color: #2b2b2b !important;}&#8221;][vc_column][\/vc_column][\/vc_row][vc_row][vc_column offset=&#8221;vc_col-md-4&#8243;][\/vc_column][vc_column offset=&#8221;vc_col-md-4&#8243;][\/vc_column][vc_column offset=&#8221;vc_col-md-4&#8243;][\/vc_column][\/vc_row][vc_row css=&#8221;.vc_custom_1675864210501{padding-top: 33px !important;padding-bottom: 33px !important;background-image: url(https:\/\/liftpoint.com.tr\/ru\/wp-content\/uploads\/2023\/02\/bright-squares.png?id=1143) !important;}&#8221;][vc_column width=&#8221;1\/4&#8243;][\/vc_column][vc_column width=&#8221;1\/4&#8243;][\/vc_column][vc_column width=&#8221;1\/4&#8243;][\/vc_column][vc_column width=&#8221;1\/4&#8243;][\/vc_column][\/vc_row][vc_row equal_height=&#8221;yes&#8221; content_placement=&#8221;middle&#8221; css=&#8221;.vc_custom_1675865443179{padding-top: 0px !important;padding-bottom: 0px !important;}&#8221; el_id=&#8221;section-about&#8221;][vc_column css=&#8221;.vc_custom_1675896305614{background-image: url(https:\/\/liftpoint.com.tr\/ru\/wp-content\/uploads\/2023\/02\/lazer.jpg?id=1600) !important;background-position: center !important;background-repeat: no-repeat !important;background-size: cover !important;}&#8221; offset=&#8221;vc_col-md-4&#8243;][vc_column_text css=&#8221;.vc_custom_1481538533551{padding: 80px !important;}&#8221;][\/vc_column_text][\/vc_column][vc_column offset=&#8221;vc_col-md-4&#8243; css=&#8221;.vc_custom_1481614052502{padding-top: 0px [&hellip;]<\/p>\n","protected":false},"author":1,"featured_media":0,"parent":0,"menu_order":0,"comment_status":"closed","ping_status":"closed","template":"page-templates\/template-canvas.php","meta":{"footnotes":""},"class_list":["post-344","page","type-page","status-publish","hentry"],"_links":{"self":[{"href":"https:\/\/liftpoint.com.tr\/ru\/wp-json\/wp\/v2\/pages\/344","targetHints":{"allow":["GET"]}}],"collection":[{"href":"https:\/\/liftpoint.com.tr\/ru\/wp-json\/wp\/v2\/pages"}],"about":[{"href":"https:\/\/liftpoint.com.tr\/ru\/wp-json\/wp\/v2\/types\/page"}],"author":[{"embeddable":true,"href":"https:\/\/liftpoint.com.tr\/ru\/wp-json\/wp\/v2\/users\/1"}],"replies":[{"embeddable":true,"href":"https:\/\/liftpoint.com.tr\/ru\/wp-json\/wp\/v2\/comments?post=344"}],"version-history":[{"count":112,"href":"https:\/\/liftpoint.com.tr\/ru\/wp-json\/wp\/v2\/pages\/344\/revisions"}],"predecessor-version":[{"id":1644,"href":"https:\/\/liftpoint.com.tr\/ru\/wp-json\/wp\/v2\/pages\/344\/revisions\/1644"}],"wp:attachment":[{"href":"https:\/\/liftpoint.com.tr\/ru\/wp-json\/wp\/v2\/media?parent=344"}],"curies":[{"name":"wp","href":"https:\/\/api.w.org\/{rel}","templated":true}]}}