{"id":344,"date":"2016-12-12T10:19:56","date_gmt":"2016-12-12T10:19:56","guid":{"rendered":"http:\/\/localhost\/buildpro\/?page_id=344"},"modified":"2023-02-20T10:36:23","modified_gmt":"2023-02-20T10:36:23","slug":"home-1","status":"publish","type":"page","link":"https:\/\/liftpoint.com.tr\/fr\/","title":{"rendered":"Maison"},"content":{"rendered":"<section class=\"wpb-content-wrapper\"><p>[vc_row content_placement=\u00a0\u00bbtop\u00a0\u00bb parallax=\u00a0\u00bb\u00a0\u00bb css=\u00a0\u00bb.vc_custom_1675865508547{padding-top: 0px !important;padding-bottom: 0px !important;}\u00a0\u00bb][vc_column][rev_slider_vc alias=\u00a0\u00bbhome-5&Prime;][\/vc_column][\/vc_row][vc_row el_class=\u00a0\u00bbbg-color\u00a0\u00bb css=\u00a0\u00bb.vc_custom_1675862629854{padding-top: 20px !important;padding-bottom: 20px !important;background-color: #2b2b2b !important;}\u00a0\u00bb][vc_column]\n\t<div class=\"row call-to-action text-light\">\n\t\t<div class=\"col-md-8\">\n\t        <h3 class=\"mt10\">Vous recherchez le meilleur partenaire pour votre prochaine entreprise d'ascenseurs ?<\/h3>\n\t    <\/div>\n\t    <div class=\"col-md-4 text-right\">\n\t    \t<a class=\"btn btn-line-white btn-fx\" href=\"https:\/\/liftpoint.com.tr\/e-katalog\/\" target=\"_blank\">Catalogue<\/a>\t    <\/div>\n    <\/div>\n\n[\/vc_column][\/vc_row][vc_row][vc_column offset=\u00a0\u00bbvc_col-md-4&Prime;]\n\t\t<div class=\"feature-box-small-icon \">\n        <span class=\"icon\">\n        \t<i class=\"icon_box-checked id-color\"><\/i>\n        <\/span>\n        <div class=\"text\">\n            <h3>Personnel Professionnel<\/h3>\n            Avec son \u00e9quipe professionnelle, elle accompagne le client dans chaque processus, de la conception du produit \u00e0 la rencontre avec le client. <em>\u00c9quipe professionnelle, personnel solide\u00a0!<\/em>        <\/div>\n    <\/div>\n    \n[\/vc_column][vc_column offset=\u00a0\u00bbvc_col-md-4&Prime;]\n\t\t<div class=\"feature-box-small-icon \">\n        <span class=\"icon\">\n        \t<i class=\"icon_box-checked id-color\"><\/i>\n        <\/span>\n        <div class=\"text\">\n            <h3>D\u00e9lais de Livraison Respect\u00e9s<\/h3>\n            Nous livrons les produits \u00e0 temps avec un stock de qualit\u00e9, une planification pr\u00e9cise et une discipline de travail.        <\/div>\n    <\/div>\n    \n[\/vc_column][vc_column offset=\u00a0\u00bbvc_col-md-4&Prime;]\n\t\t<div class=\"feature-box-small-icon \">\n        <span class=\"icon\">\n        \t<i class=\"icon_box-checked id-color\"><\/i>\n        <\/span>\n        <div class=\"text\">\n            <h3>Le Bonheur Des Clients<\/h3>\n            Bas\u00e9e sur la satisfaction du client, la marque produit des solutions haut de gamme et assure la satisfaction apr\u00e8s-vente gr\u00e2ce \u00e0 son personnel fort.        <\/div>\n    <\/div>\n    \n[\/vc_column][\/vc_row][vc_row css=\u00a0\u00bb.vc_custom_1675864210501{padding-top: 33px !important;padding-bottom: 33px !important;background-image: url(https:\/\/liftpoint.com.tr\/fr\/wp-content\/uploads\/2023\/02\/bright-squares.png?id=1143) !important;}\u00a0\u00bb][vc_column width=\u00a0\u00bb1\/4&Prime;]\n\t<figure class=\"pic-hover hover-scale\">\n        <span class=\"center-xy\">\n        \t        <\/span>\n        <a href=\"https:\/\/liftpoint.com.tr\/fr\/mr-paket-asansor\/\"><span class=\"bg-overlay\"><\/span><\/a>        <img decoding=\"async\" src=\"https:\/\/liftpoint.com.tr\/fr\/wp-content\/uploads\/2023\/02\/mr-2.jpg\" class=\"img-responsive\" alt=\"\">\n    <\/figure>\n\n    <h3 class=\"mt20\">PACK ASCENSEUR MR<\/h3>\n    <p>\n        <\/p>\n<p align=\"justify\">C&rsquo;est un type d&rsquo;ascenseur dans lequel l&rsquo;entra\u00eenement de l&rsquo;ascenseur est plac\u00e9 dans une pi\u00e8ce construite au-dessus de la cage d&rsquo;ascenseur. Il n&rsquo;est pas pr\u00e9f\u00e9r\u00e9 dans les projets architecturaux modernes en termes d&rsquo;augmentation de la valeur \u00e9conomique du b\u00e2timent.<br \/>\n<a class=\"read_more\" href=\"https:\/\/liftpoint.com.tr\/fr\/mr-paket-asansor\/\" target=\"_self\" rel=\"noopener\">Montre plus <i class=\"fa fa-chevron-right id-color\"><\/i><\/a><\/p>\n<p>\t<br>\n\t\t    <\/p>\n    \t\n[\/vc_column][vc_column width=\u00a0\u00bb1\/4&Prime;]\n\t<figure class=\"pic-hover hover-scale\">\n        <span class=\"center-xy\">\n        \t        <\/span>\n        <a href=\"https:\/\/liftpoint.com.tr\/fr\/mrl-paket-asansor\/\"><span class=\"bg-overlay\"><\/span><\/a>        <img decoding=\"async\" src=\"https:\/\/liftpoint.com.tr\/fr\/wp-content\/uploads\/2023\/02\/mrl-2.jpg\" class=\"img-responsive\" alt=\"\">\n    <\/figure>\n\n    <h3 class=\"mt20\">PACK ASCENSEUR MRL<\/h3>\n    <p>\n        <\/p>\n<p align=\"justify\">Avantages de l&rsquo;ascenseur MRL Les MRL \u00e9conomisent de l&rsquo;espace en pla\u00e7ant la machine compacte et sans engrenage directement dans la gaine. Le b\u00e2timent r\u00e9duit les co\u00fbts de construction, il n&rsquo;y a pas besoin de salle des machines.<br \/>\n<a class=\"read_more\" href=\"https:\/\/liftpoint.com.tr\/fr\/mrl-paket-asansor\/\" target=\"_self\" rel=\"noopener\">Montre plus <i class=\"fa fa-chevron-right id-color\"><\/i><\/a><\/p>\n<p>\t<br>\n\t\t    <\/p>\n    \t\n[\/vc_column][vc_column width=\u00a0\u00bb1\/4&Prime;]\n\t<figure class=\"pic-hover hover-scale\">\n        <span class=\"center-xy\">\n        \t        <\/span>\n        <a href=\"https:\/\/liftpoint.com.tr\/fr\/villa-asansoru\/\"><span class=\"bg-overlay\"><\/span><\/a>        <img decoding=\"async\" src=\"https:\/\/liftpoint.com.tr\/fr\/wp-content\/uploads\/2023\/02\/liftvilla.jpg\" class=\"img-responsive\" alt=\"\">\n    <\/figure>\n\n    <h3 class=\"mt20\">ASCENSEUR VILLA<\/h3>\n    <p>\n        <\/p>\n<p align=\"justify\">Les ascenseurs pour les maisons combinent id\u00e9alement la facilit\u00e9 d&rsquo;utilisation et la rentabilit\u00e9 des solutions techniques pour l&rsquo;installation d&rsquo;un ascenseur dans une maison d&rsquo;\u00e9t\u00e9, une maison de campagne ou un appartement \u00e0 plusieurs \u00e9tages.<br \/>\n<a class=\"read_more\" href=\"https:\/\/liftpoint.com.tr\/fr\/villa-asansoru\/\" target=\"_self\" rel=\"noopener\">Montre plus <i class=\"fa fa-chevron-right id-color\"><\/i><\/a><\/p>\n<p>\t<br>\n\t\t    <\/p>\n    \t\n[\/vc_column][vc_column width=\u00a0\u00bb1\/4&Prime;]\n\t<figure class=\"pic-hover hover-scale\">\n        <span class=\"center-xy\">\n        \t        <\/span>\n        <a href=\"https:\/\/liftpoint.com.tr\/fr\/engelli-platformlari\/\"><span class=\"bg-overlay\"><\/span><\/a>        <img decoding=\"async\" src=\"https:\/\/liftpoint.com.tr\/fr\/wp-content\/uploads\/2023\/02\/engelli.jpg\" class=\"img-responsive\" alt=\"\">\n    <\/figure>\n\n    <h3 class=\"mt20\">\u00c9L\u00c9VATEUR PMR<\/h3>\n    <p>\n        <\/p>\n<p align=\"justify\">Nos ascenseurs handicap\u00e9s sont con\u00e7us et fabriqu\u00e9s pour une utilisation int\u00e9rieure et ext\u00e9rieure. Les lieux d&rsquo;utilisation sont g\u00e9n\u00e9ralement des institutions publiques, des r\u00e9sidences, des maisons individuelles, des villas, des maisons de retraite et des lieux de travail.<br \/>\n<a class=\"read_more\" href=\"https:\/\/liftpoint.com.tr\/fr\/engelli-platformlari\/\" target=\"_self\" rel=\"noopener\">Montre plus <i class=\"fa fa-chevron-right id-color\"><\/i><\/a><\/p>\n<p>\t<br>\n\t\t    <\/p>\n    \t\n[\/vc_column][\/vc_row][vc_row equal_height=\u00a0\u00bbyes\u00a0\u00bb content_placement=\u00a0\u00bbmiddle\u00a0\u00bb css=\u00a0\u00bb.vc_custom_1675865443179{padding-top: 0px !important;padding-bottom: 0px !important;}\u00a0\u00bb el_id=\u00a0\u00bbsection-about\u00a0\u00bb][vc_column css=\u00a0\u00bb.vc_custom_1675896305614{background-image: url(https:\/\/liftpoint.com.tr\/fr\/wp-content\/uploads\/2023\/02\/lazer.jpg?id=1600) !important;background-position: center !important;background-repeat: no-repeat !important;background-size: cover !important;}\u00a0\u00bb offset=\u00a0\u00bbvc_col-md-4&Prime;][vc_column_text css=\u00a0\u00bb.vc_custom_1481538533551{padding: 80px !important;}\u00a0\u00bb][\/vc_column_text][\/vc_column][vc_column offset=\u00a0\u00bbvc_col-md-4&Prime; css=\u00a0\u00bb.vc_custom_1481614052502{padding-top: 0px !important;background-color: #f6f6f6 !important;}\u00a0\u00bb][vc_column_text el_class=\u00a0\u00bbpadding60&Prime;]<\/p>\n<h2>Planification <span class=\"tiny-border\">x<\/span><\/h2>\n<p>Afin de r\u00e9pondre aux besoins d&rsquo;ascenseurs des villes modernes, nous avons adopt\u00e9 comme principe la satisfaction du client avec nos comp\u00e9tences de planification en constante \u00e9volution \u00e0 la lumi\u00e8re des nouvelles technologies.[\/vc_column_text][\/vc_column][vc_column css=\u00a0\u00bb.vc_custom_1676106819149{background-image: url(https:\/\/liftpoint.com.tr\/fr\/wp-content\/uploads\/2023\/02\/teknoloji.jpg?id=1642) !important;background-position: center !important;background-repeat: no-repeat !important;background-size: cover !important;}\u00a0\u00bb offset=\u00a0\u00bbvc_col-md-4&Prime;][vc_column_text css=\u00a0\u00bb.vc_custom_1481538561107{padding: 80px !important;}\u00a0\u00bb][\/vc_column_text][\/vc_column][\/vc_row][vc_row equal_height=\u00a0\u00bbyes\u00a0\u00bb content_placement=\u00a0\u00bbmiddle\u00a0\u00bb css=\u00a0\u00bb.vc_custom_1675865451744{padding-top: 0px !important;padding-bottom: 0px !important;}\u00a0\u00bb][vc_column offset=\u00a0\u00bbvc_col-md-4&Prime; css=\u00a0\u00bb.vc_custom_1481614055867{padding-top: 0px !important;background-color: #f6f6f6 !important;}\u00a0\u00bb][vc_column_text el_class=\u00a0\u00bbpadding60&Prime;]<\/p>\n<h2>Production <span class=\"tiny-border\">x<\/span><\/h2>\n<p>Avec notre \u00e9quipe sp\u00e9cialis\u00e9e dans l&rsquo;ing\u00e9nierie des ascenseurs, nous produisons la meilleure conception adapt\u00e9e \u00e0 votre structure actuelle, en toute s\u00e9curit\u00e9 et rapidement, sp\u00e9cialement pour vous.[\/vc_column_text][\/vc_column][vc_column offset=\u00a0\u00bbvc_col-md-4&Prime; css=\u00a0\u00bb.vc_custom_1482477882261{background-image: url(http:\/\/demo.oceanthemes.net\/buildpro\/wp-content\/uploads\/2016\/08\/pic_2.jpg?id=945) !important;background-position: center !important;background-repeat: no-repeat !important;background-size: cover !important;}\u00a0\u00bb][vc_column_text css=\u00a0\u00bb.vc_custom_1481538561107{padding: 80px !important;}\u00a0\u00bb][\/vc_column_text][\/vc_column][vc_column offset=\u00a0\u00bbvc_col-md-4&Prime; css=\u00a0\u00bb.vc_custom_1481614059637{padding-top: 0px !important;background-color: #f6f6f6 !important;}\u00a0\u00bb][vc_column_text el_class=\u00a0\u00bbpadding60&Prime;]<\/p>\n<h2>Technologie <span class=\"tiny-border\">x<\/span><\/h2>\n<p>Nous concevons et fabriquons l&rsquo;ensemble du syst\u00e8me, qui permet une interaction facile avec tous les logiciels du syst\u00e8me d&rsquo;ascenseur et ex\u00e9cute toutes les commandes donn\u00e9es de la mani\u00e8re la plus appropri\u00e9e.[\/vc_column_text][\/vc_column][\/vc_row]<\/p>\n<\/section>","protected":false},"excerpt":{"rendered":"<p>[vc_row content_placement=\u00a0\u00bbtop\u00a0\u00bb parallax=\u00a0\u00bb\u00a0\u00bb css=\u00a0\u00bb.vc_custom_1675865508547{padding-top: 0px !important;padding-bottom: 0px !important;}\u00a0\u00bb][vc_column][rev_slider_vc alias=\u00a0\u00bbhome-5&Prime;][\/vc_column][\/vc_row][vc_row el_class=\u00a0\u00bbbg-color\u00a0\u00bb css=\u00a0\u00bb.vc_custom_1675862629854{padding-top: 20px !important;padding-bottom: 20px !important;background-color: #2b2b2b !important;}\u00a0\u00bb][vc_column][\/vc_column][\/vc_row][vc_row][vc_column offset=\u00a0\u00bbvc_col-md-4&Prime;][\/vc_column][vc_column offset=\u00a0\u00bbvc_col-md-4&Prime;][\/vc_column][vc_column offset=\u00a0\u00bbvc_col-md-4&Prime;][\/vc_column][\/vc_row][vc_row css=\u00a0\u00bb.vc_custom_1675864210501{padding-top: 33px !important;padding-bottom: 33px !important;background-image: url(https:\/\/liftpoint.com.tr\/fr\/wp-content\/uploads\/2023\/02\/bright-squares.png?id=1143) !important;}\u00a0\u00bb][vc_column width=\u00a0\u00bb1\/4&Prime;][\/vc_column][vc_column width=\u00a0\u00bb1\/4&Prime;][\/vc_column][vc_column width=\u00a0\u00bb1\/4&Prime;][\/vc_column][vc_column width=\u00a0\u00bb1\/4&Prime;][\/vc_column][\/vc_row][vc_row equal_height=\u00a0\u00bbyes\u00a0\u00bb content_placement=\u00a0\u00bbmiddle\u00a0\u00bb css=\u00a0\u00bb.vc_custom_1675865443179{padding-top: 0px !important;padding-bottom: 0px !important;}\u00a0\u00bb el_id=\u00a0\u00bbsection-about\u00a0\u00bb][vc_column css=\u00a0\u00bb.vc_custom_1675896305614{background-image: url(https:\/\/liftpoint.com.tr\/fr\/wp-content\/uploads\/2023\/02\/lazer.jpg?id=1600) !important;background-position: center !important;background-repeat: no-repeat !important;background-size: cover !important;}\u00a0\u00bb offset=\u00a0\u00bbvc_col-md-4&Prime;][vc_column_text css=\u00a0\u00bb.vc_custom_1481538533551{padding: 80px !important;}\u00a0\u00bb][\/vc_column_text][\/vc_column][vc_column offset=\u00a0\u00bbvc_col-md-4&Prime; css=\u00a0\u00bb.vc_custom_1481614052502{padding-top: 0px [&hellip;]<\/p>\n","protected":false},"author":1,"featured_media":0,"parent":0,"menu_order":0,"comment_status":"closed","ping_status":"closed","template":"page-templates\/template-canvas.php","meta":{"footnotes":""},"class_list":["post-344","page","type-page","status-publish","hentry"],"_links":{"self":[{"href":"https:\/\/liftpoint.com.tr\/fr\/wp-json\/wp\/v2\/pages\/344","targetHints":{"allow":["GET"]}}],"collection":[{"href":"https:\/\/liftpoint.com.tr\/fr\/wp-json\/wp\/v2\/pages"}],"about":[{"href":"https:\/\/liftpoint.com.tr\/fr\/wp-json\/wp\/v2\/types\/page"}],"author":[{"embeddable":true,"href":"https:\/\/liftpoint.com.tr\/fr\/wp-json\/wp\/v2\/users\/1"}],"replies":[{"embeddable":true,"href":"https:\/\/liftpoint.com.tr\/fr\/wp-json\/wp\/v2\/comments?post=344"}],"version-history":[{"count":116,"href":"https:\/\/liftpoint.com.tr\/fr\/wp-json\/wp\/v2\/pages\/344\/revisions"}],"predecessor-version":[{"id":1672,"href":"https:\/\/liftpoint.com.tr\/fr\/wp-json\/wp\/v2\/pages\/344\/revisions\/1672"}],"wp:attachment":[{"href":"https:\/\/liftpoint.com.tr\/fr\/wp-json\/wp\/v2\/media?parent=344"}],"curies":[{"name":"wp","href":"https:\/\/api.w.org\/{rel}","templated":true}]}}