{"id":1535,"date":"2023-02-08T21:55:43","date_gmt":"2023-02-08T21:55:43","guid":{"rendered":"https:\/\/liftpoint.com.tr\/fr\/?page_id=1535"},"modified":"2023-02-20T11:13:24","modified_gmt":"2023-02-20T11:13:24","slug":"liftvilla","status":"publish","type":"page","link":"https:\/\/liftpoint.com.tr\/fr\/liftvilla\/","title":{"rendered":"Liftvilla"},"content":{"rendered":"<section class=\"wpb-content-wrapper\"><p>[vc_row][vc_column width=\u00a0\u00bb1\/2&Prime;]\n\t<figure class=\"pic-hover hover-scale\">\n        <span class=\"center-xy\">\n        \t        <\/span>\n        <a href=\"https:\/\/liftpoint.com.tr\/fr\/villa-asansoru\/\"><span class=\"bg-overlay\"><\/span><\/a>        <img decoding=\"async\" src=\"https:\/\/liftpoint.com.tr\/fr\/wp-content\/uploads\/2023\/02\/liftvilla.jpg\" class=\"img-responsive\" alt=\"\">\n    <\/figure>\n\n    <h3 class=\"mt20\">V\u0130LLA ASANS\u00d6R\u00dc<\/h3>\n    <p>\n        <\/p>\n<p align=\"justify\">Les ascenseurs pour les maisons combinent id\u00e9alement la facilit\u00e9 d\u2019utilisation et la rentabilit\u00e9 des solutions techniques pour l\u2019installation d\u2019un ascenseur dans une maison d\u2019\u00e9t\u00e9, une maison de campagne ou une maison \u00e0 plusieurs \u00e9tages. L\u2019ascenseur domestique s\u2019int\u00e8gre parfaitement \u00e0 l\u2019int\u00e9rieur, r\u00e9solvant avec succ\u00e8s les probl\u00e8mes de d\u00e9placement rapide et confortable \u00e0 l\u2019int\u00e9rieur de la maison.<\/p>\n<p>\t<br>\n\t\t<a class=\"read_more mt10\" href=\"https:\/\/liftpoint.com.tr\/tr\/villa-asansoru\/\" target=\"_self\">Montre Plus <i class=\"fa fa-chevron-right id-color\"><\/i><\/a>    <\/p>\n    \t\n[\/vc_column][vc_column width=\u00a0\u00bb1\/2&Prime;]\n\t<figure class=\"pic-hover hover-scale\">\n        <span class=\"center-xy\">\n        \t        <\/span>\n        <a href=\"https:\/\/liftpoint.com.tr\/fr\/engelli-platformlari\/\"><span class=\"bg-overlay\"><\/span><\/a>        <img decoding=\"async\" src=\"https:\/\/liftpoint.com.tr\/fr\/wp-content\/uploads\/2023\/02\/engelli.jpg\" class=\"img-responsive\" alt=\"\">\n    <\/figure>\n\n    <h3 class=\"mt20\">\u00c9L\u00c9VATEUR PMR<\/h3>\n    <p>\n        <\/p>\n<p align=\"justify\">Nos ascenseurs handicap\u00e9s sont con\u00e7us et fabriqu\u00e9s pour une utilisation int\u00e9rieure et ext\u00e9rieure. Les lieux d\u2019utilisation sont g\u00e9n\u00e9ralement des institutions publiques, des r\u00e9sidences, des maisons individuelles, des villas, des maisons de retraite et des lieux de travail.<\/p>\n<p>\t<br>\n\t\t<a class=\"read_more mt10\" href=\"https:\/\/liftpoint.com.tr\/fr\/engelli-platformlari\/\" target=\"_self\">Montre Plus <i class=\"fa fa-chevron-right id-color\"><\/i><\/a>    <\/p>\n    \t\n[\/vc_column][\/vc_row]<\/p>\n<\/section>","protected":false},"excerpt":{"rendered":"<p>[vc_row][vc_column width=\u00a0\u00bb1\/2&Prime;][\/vc_column][vc_column width=\u00a0\u00bb1\/2&Prime;][\/vc_column][\/vc_row]<\/p>\n","protected":false},"author":1,"featured_media":0,"parent":0,"menu_order":0,"comment_status":"closed","ping_status":"closed","template":"page-templates\/template-fullwidth.php","meta":{"footnotes":""},"class_list":["post-1535","page","type-page","status-publish","hentry"],"_links":{"self":[{"href":"https:\/\/liftpoint.com.tr\/fr\/wp-json\/wp\/v2\/pages\/1535","targetHints":{"allow":["GET"]}}],"collection":[{"href":"https:\/\/liftpoint.com.tr\/fr\/wp-json\/wp\/v2\/pages"}],"about":[{"href":"https:\/\/liftpoint.com.tr\/fr\/wp-json\/wp\/v2\/types\/page"}],"author":[{"embeddable":true,"href":"https:\/\/liftpoint.com.tr\/fr\/wp-json\/wp\/v2\/users\/1"}],"replies":[{"embeddable":true,"href":"https:\/\/liftpoint.com.tr\/fr\/wp-json\/wp\/v2\/comments?post=1535"}],"version-history":[{"count":6,"href":"https:\/\/liftpoint.com.tr\/fr\/wp-json\/wp\/v2\/pages\/1535\/revisions"}],"predecessor-version":[{"id":1692,"href":"https:\/\/liftpoint.com.tr\/fr\/wp-json\/wp\/v2\/pages\/1535\/revisions\/1692"}],"wp:attachment":[{"href":"https:\/\/liftpoint.com.tr\/fr\/wp-json\/wp\/v2\/media?parent=1535"}],"curies":[{"name":"wp","href":"https:\/\/api.w.org\/{rel}","templated":true}]}}