{"id":1523,"date":"2023-02-08T21:39:49","date_gmt":"2023-02-08T21:39:49","guid":{"rendered":"https:\/\/liftpoint.com.tr\/fr\/?page_id=1523"},"modified":"2023-02-21T07:41:22","modified_gmt":"2023-02-21T07:41:22","slug":"paket-asansor","status":"publish","type":"page","link":"https:\/\/liftpoint.com.tr\/fr\/paket-asansor\/","title":{"rendered":"Ascenseur Complet"},"content":{"rendered":"<section class=\"wpb-content-wrapper\"><p>[vc_row][vc_column width=\u00a0\u00bb1\/2&Prime;]\n\t<figure class=\"pic-hover hover-scale\">\n        <span class=\"center-xy\">\n        \t        <\/span>\n        <a href=\"https:\/\/liftpoint.com.tr\/fr\/mr-paket-asansor\/\"><span class=\"bg-overlay\"><\/span><\/a>        <img decoding=\"async\" src=\"https:\/\/liftpoint.com.tr\/fr\/wp-content\/uploads\/2023\/02\/mr-1.jpg\" class=\"img-responsive\" alt=\"\">\n    <\/figure>\n\n    <h3 class=\"mt20\">PACK ASCENCEUR MR<\/h3>\n    <p>\n        <\/p>\n<p align=\"justify\">C&rsquo;est un type d&rsquo;ascenseur dans lequel l&rsquo;entra\u00eenement de l&rsquo;ascenseur est plac\u00e9 dans une pi\u00e8ce construite au-dessus de la gaine d&rsquo;ascenseur. Il n&rsquo;est pas pr\u00e9f\u00e9r\u00e9 dans les projets architecturaux modernes en termes d&rsquo;esth\u00e9tique et d&rsquo;augmentation de la valeur \u00e9conomique du b\u00e2timent. Les ascenseurs avec machines MR n\u00e9cessiter une autre salle pour la machine au-dessus de la gaine. Dans les ascenseurs avec salle de machine, un groupe machine-moteur \u00e0 engrenage (asynchrone) est g\u00e9n\u00e9ralement utilis\u00e9, mais les moteurs sans engrenage sont pr\u00e9f\u00e9r\u00e9s.<\/p>\n<p>\t<br>\n\t\t<a class=\"read_more mt10\" href=\"https:\/\/liftpoint.com.tr\/tr\/mr-paket-asansor\/\" target=\"_self\">Montre Plus <i class=\"fa fa-chevron-right id-color\"><\/i><\/a>    <\/p>\n    \t\n[\/vc_column][vc_column width=\u00a0\u00bb1\/2&Prime;]\n\t<figure class=\"pic-hover hover-scale\">\n        <span class=\"center-xy\">\n        \t        <\/span>\n        <a href=\"https:\/\/liftpoint.com.tr\/fr\/mrl-paket-asansor\/\"><span class=\"bg-overlay\"><\/span><\/a>        <img decoding=\"async\" src=\"https:\/\/liftpoint.com.tr\/fr\/wp-content\/uploads\/2023\/02\/mrl-1.jpg\" class=\"img-responsive\" alt=\"\">\n    <\/figure>\n\n    <h3 class=\"mt20\">Pack Ascenseures MRL<\/h3>\n    <p>\n        <\/p>\n<p align=\"justify\">Avantages de l\u2019ascenseur MRL,il \u00e9conomise de l\u2019espace en pla\u00e7ant la machine compacte et sans engrenage directement sur la gaine. Il n\u2019y a pas besoin d\u2019une salle pour la machine sur le toit, ce qui r\u00e9duit potentiellement les co\u00fbts de construction du b\u00e2timent. La machine sans engrenage et la configuration de contrepoids des MRL augmentent l\u2019efficacit\u00e9 \u00e9nerg\u00e9tique et offrent une conduite douce et silencieuse. Les MRL se d\u00e9placent g\u00e9n\u00e9ralement plus rapidement que les ascenseurs hydrauliques conventionnels, ce qui permet aux utilisateurs de gagner du temps.<\/p>\n<p>\t<br>\n\t\t<a class=\"read_more mt10\" href=\"https:\/\/liftpoint.com.tr\/tr\/mrl-paket-asansor\/\" target=\"_self\">Montre Plus <i class=\"fa fa-chevron-right id-color\"><\/i><\/a>    <\/p>\n    \t\n[\/vc_column][\/vc_row]<\/p>\n<\/section>","protected":false},"excerpt":{"rendered":"<p>[vc_row][vc_column width=\u00a0\u00bb1\/2&Prime;][\/vc_column][vc_column width=\u00a0\u00bb1\/2&Prime;][\/vc_column][\/vc_row]<\/p>\n","protected":false},"author":1,"featured_media":0,"parent":0,"menu_order":0,"comment_status":"closed","ping_status":"closed","template":"page-templates\/template-fullwidth.php","meta":{"footnotes":""},"class_list":["post-1523","page","type-page","status-publish","hentry"],"_links":{"self":[{"href":"https:\/\/liftpoint.com.tr\/fr\/wp-json\/wp\/v2\/pages\/1523","targetHints":{"allow":["GET"]}}],"collection":[{"href":"https:\/\/liftpoint.com.tr\/fr\/wp-json\/wp\/v2\/pages"}],"about":[{"href":"https:\/\/liftpoint.com.tr\/fr\/wp-json\/wp\/v2\/types\/page"}],"author":[{"embeddable":true,"href":"https:\/\/liftpoint.com.tr\/fr\/wp-json\/wp\/v2\/users\/1"}],"replies":[{"embeddable":true,"href":"https:\/\/liftpoint.com.tr\/fr\/wp-json\/wp\/v2\/comments?post=1523"}],"version-history":[{"count":11,"href":"https:\/\/liftpoint.com.tr\/fr\/wp-json\/wp\/v2\/pages\/1523\/revisions"}],"predecessor-version":[{"id":1693,"href":"https:\/\/liftpoint.com.tr\/fr\/wp-json\/wp\/v2\/pages\/1523\/revisions\/1693"}],"wp:attachment":[{"href":"https:\/\/liftpoint.com.tr\/fr\/wp-json\/wp\/v2\/media?parent=1523"}],"curies":[{"name":"wp","href":"https:\/\/api.w.org\/{rel}","templated":true}]}}