{"id":1506,"date":"2023-02-08T21:30:55","date_gmt":"2023-02-08T21:30:55","guid":{"rendered":"https:\/\/liftpoint.com.tr\/fr\/?page_id=1506"},"modified":"2023-02-21T07:42:45","modified_gmt":"2023-02-21T07:42:45","slug":"mr-paket-asansor","status":"publish","type":"page","link":"https:\/\/liftpoint.com.tr\/fr\/mr-paket-asansor\/","title":{"rendered":"Pack Ascenseures MR"},"content":{"rendered":"<section class=\"wpb-content-wrapper\"><p>[vc_row][vc_column width=\u00a0\u00bb4\/12&Prime;][vc_single_image image=\u00a0\u00bb1517&Prime; img_size=\u00a0\u00bbfull\u00a0\u00bb][\/vc_column][vc_column width=\u00a0\u00bb5\/12&Prime;][vc_custom_heading text=\u00a0\u00bbPack Ascenseures MR\u00a0\u00bb font_container=\u00a0\u00bbtag:h3|text_align:left\u00a0\u00bb use_theme_fonts=\u00a0\u00bbyes\u00a0\u00bb css=\u00a0\u00bb.vc_custom_1676965355476{margin-top: 20px !important;}\u00a0\u00bb][vc_separator css=\u00a0\u00bb.vc_custom_1675891647705{padding-top: 5px !important;padding-bottom: 15px !important;}\u00a0\u00bb][vc_column_text]<\/p>\n<p align=\"justify\">C&rsquo;est un type d&rsquo;ascenseur dans lequel l&rsquo;entra\u00eenement de l&rsquo;ascenseur est plac\u00e9 dans une pi\u00e8ce construite au-dessus de la cage d&rsquo;ascenseur. Il n&rsquo;est pas pr\u00e9f\u00e9r\u00e9 dans les projets architecturaux modernes en termes d&rsquo;esth\u00e9tique et d&rsquo;augmentation de la valeur \u00e9conomique du b\u00e2timent. Les ascenseurs de salle des machines ont l&rsquo;inconv\u00e9nient de n\u00e9cessiter une tour de salle des machines au-dessus de la cage. Dans les ascenseurs de la salle des machines, un groupe machine-moteur \u00e0 engrenage (asynchrone) est g\u00e9n\u00e9ralement utilis\u00e9, mais les moteurs sans engrenage sont pr\u00e9f\u00e9r\u00e9s.<\/p>\n<p>01. Tableau de contr\u00f4le<br \/>\n02. R\u00e9gulateur<br \/>\n03. Porte de cabine<br \/>\n04. Cabine<br \/>\n05. Porte d&rsquo;\u00e9tage<br \/>\n06. Moteur<br \/>\n07. Rail<br \/>\n08. Contre Charge<br \/>\n09. Pare-chocs[\/vc_column_text][\/vc_column][vc_column width=\u00a0\u00bb3\/12&Prime;][vc_single_image image=\u00a0\u00bb1209&Prime; img_size=\u00a0\u00bbfull\u00a0\u00bb][vc_wp_text]<a class=\"btn btn-custom btn-bg-dark btn-text-light btn-icon-left btn-fx width100\" href=\"https:\/\/liftpoint.com.tr\/e-katalog\/\" target=\"_blank\" rel=\"noopener\"><i class=\"fa fa-file-pdf-o\"><\/i>Catalogue<\/a>[\/vc_wp_text][vc_wp_text]<\/p>\n<div class=\"padding30 text-black\">\n<h4>Attention!<\/h4>\n<p>Vous recherchez le meilleur partenaire pour votre prochain projet d&rsquo;ascenseur ? Contactez-nous pour la fabrication de produits au meilleur prix et de qualit\u00e9.<\/p>\n<div class=\"text-center\"><a class=\"btn btn-line-black btn-fx mt20\" href=\"https:\/\/liftpoint.com.tr\/fr\/iletisim\/\">Contactez-nous<\/a><\/div>\n<\/div>\n<p>[\/vc_wp_text][\/vc_column][\/vc_row]<\/p>\n<\/section>","protected":false},"excerpt":{"rendered":"<p>[vc_row][vc_column width=\u00a0\u00bb4\/12&Prime;][vc_single_image image=\u00a0\u00bb1517&Prime; img_size=\u00a0\u00bbfull\u00a0\u00bb][\/vc_column][vc_column width=\u00a0\u00bb5\/12&Prime;][vc_custom_heading text=\u00a0\u00bbPack Ascenseures MR\u00a0\u00bb font_container=\u00a0\u00bbtag:h3|text_align:left\u00a0\u00bb use_theme_fonts=\u00a0\u00bbyes\u00a0\u00bb css=\u00a0\u00bb.vc_custom_1676965355476{margin-top: 20px !important;}\u00a0\u00bb][vc_separator css=\u00a0\u00bb.vc_custom_1675891647705{padding-top: 5px !important;padding-bottom: 15px !important;}\u00a0\u00bb][vc_column_text] C&rsquo;est un type d&rsquo;ascenseur dans lequel l&rsquo;entra\u00eenement de l&rsquo;ascenseur est plac\u00e9 dans une pi\u00e8ce construite au-dessus de la cage d&rsquo;ascenseur. Il n&rsquo;est pas pr\u00e9f\u00e9r\u00e9 dans les projets architecturaux modernes en termes d&rsquo;esth\u00e9tique et d&rsquo;augmentation de la valeur [&hellip;]<\/p>\n","protected":false},"author":1,"featured_media":0,"parent":0,"menu_order":0,"comment_status":"closed","ping_status":"closed","template":"page-templates\/template-fullwidth.php","meta":{"footnotes":""},"class_list":["post-1506","page","type-page","status-publish","hentry"],"_links":{"self":[{"href":"https:\/\/liftpoint.com.tr\/fr\/wp-json\/wp\/v2\/pages\/1506","targetHints":{"allow":["GET"]}}],"collection":[{"href":"https:\/\/liftpoint.com.tr\/fr\/wp-json\/wp\/v2\/pages"}],"about":[{"href":"https:\/\/liftpoint.com.tr\/fr\/wp-json\/wp\/v2\/types\/page"}],"author":[{"embeddable":true,"href":"https:\/\/liftpoint.com.tr\/fr\/wp-json\/wp\/v2\/users\/1"}],"replies":[{"embeddable":true,"href":"https:\/\/liftpoint.com.tr\/fr\/wp-json\/wp\/v2\/comments?post=1506"}],"version-history":[{"count":7,"href":"https:\/\/liftpoint.com.tr\/fr\/wp-json\/wp\/v2\/pages\/1506\/revisions"}],"predecessor-version":[{"id":1695,"href":"https:\/\/liftpoint.com.tr\/fr\/wp-json\/wp\/v2\/pages\/1506\/revisions\/1695"}],"wp:attachment":[{"href":"https:\/\/liftpoint.com.tr\/fr\/wp-json\/wp\/v2\/media?parent=1506"}],"curies":[{"name":"wp","href":"https:\/\/api.w.org\/{rel}","templated":true}]}}