{"id":1505,"date":"2023-02-08T21:24:36","date_gmt":"2023-02-08T21:24:36","guid":{"rendered":"https:\/\/liftpoint.com.tr\/fr\/?page_id=1505"},"modified":"2023-02-20T10:57:26","modified_gmt":"2023-02-20T10:57:26","slug":"mrl-paket-asansor","status":"publish","type":"page","link":"https:\/\/liftpoint.com.tr\/fr\/mrl-paket-asansor\/","title":{"rendered":"Pack Ascenseures MRL"},"content":{"rendered":"<section class=\"wpb-content-wrapper\"><p>[vc_row][vc_column width=\u00a0\u00bb4\/12&Prime;][vc_single_image image=\u00a0\u00bb1507&Prime; img_size=\u00a0\u00bbfull\u00a0\u00bb][\/vc_column][vc_column width=\u00a0\u00bb5\/12&Prime;][vc_custom_heading text=\u00a0\u00bbPack Ascenseures MRL\u00a0\u00bb font_container=\u00a0\u00bbtag:h3|text_align:left\u00a0\u00bb use_theme_fonts=\u00a0\u00bbyes\u00a0\u00bb css=\u00a0\u00bb.vc_custom_1676890591629{margin-top: 20px !important;}\u00a0\u00bb][vc_separator css=\u00a0\u00bb.vc_custom_1675891647705{padding-top: 5px !important;padding-bottom: 15px !important;}\u00a0\u00bb][vc_column_text]<\/p>\n<p align=\"justify\">Les ascenseurs pour passagers sans salle des machines (MRL) ont d&rsquo;abord \u00e9t\u00e9 d\u00e9velopp\u00e9s en Europe et gagnent rapidement en popularit\u00e9 dans le monde entier.<\/p>\n<p align=\"justify\">MRL est une nouvelle configuration d&rsquo;ascenseur con\u00e7ue pour \u00e9conomiser de l&rsquo;espace, de l&rsquo;argent, de l&rsquo;\u00e9nergie et du temps. C&rsquo;est un bon choix pour les immeubles de hauteur moyenne qui doivent amener rapidement les passagers \u00e0 leur destination.<\/p>\n<p align=\"justify\">Avantages de l&rsquo;ascenseur MRL,il \u00e9conomise de l&rsquo;espace en pla\u00e7ant la machine compacte et sans engrenage directement sur la gaine. Il n&rsquo;y a pas besoin d&rsquo;une salle pour la machine sur le toit, ce qui r\u00e9duit potentiellement les co\u00fbts de construction du b\u00e2timent. La machine sans engrenage et la configuration de contrepoids des MRL augmentent l&rsquo;efficacit\u00e9 \u00e9nerg\u00e9tique et offrent une conduite douce et silencieuse. Les MRL se d\u00e9placent g\u00e9n\u00e9ralement plus rapidement que les ascenseurs hydrauliques conventionnels, ce qui permet aux utilisateurs de gagner du temps.<\/p>\n<p>01. R\u00e9gulateur<br \/>\n02. Porte de cabine<br \/>\n03. Cabine<br \/>\n04. Tableau de contr\u00f4le<br \/>\n05. Porte d&rsquo;\u00e9tage<br \/>\n06. Machine<br \/>\n07. Rail<br \/>\n08. Contre poids<br \/>\n09. Pare-chocs[\/vc_column_text][\/vc_column][vc_column width=\u00a0\u00bb3\/12&Prime;][vc_single_image image=\u00a0\u00bb1209&Prime; img_size=\u00a0\u00bbfull\u00a0\u00bb][vc_wp_text]<a class=\"btn btn-custom btn-bg-dark btn-text-light btn-icon-left btn-fx width100\" href=\"https:\/\/liftpoint.com.tr\/e-katalog\/\" target=\"_blank\" rel=\"noopener\"><i class=\"fa fa-file-pdf-o\"><\/i>Catalogue<\/a>[\/vc_wp_text][vc_wp_text]<\/p>\n<div class=\"padding30 text-black\">\n<h4>Attention!<\/h4>\n<p>Vous recherchez le meilleur partenaire pour votre prochain projet d&rsquo;ascenseur ? Contactez-nous pour la fabrication de produits au meilleur prix et de qualit\u00e9.<\/p>\n<div class=\"text-center\"><a class=\"btn btn-line-black btn-fx mt20\" href=\"https:\/\/liftpoint.com.tr\/fr\/iletisim\/\">Contactez-nous<\/a><\/div>\n<\/div>\n<p>[\/vc_wp_text][\/vc_column][\/vc_row]<\/p>\n<\/section>","protected":false},"excerpt":{"rendered":"<p>[vc_row][vc_column width=\u00a0\u00bb4\/12&Prime;][vc_single_image image=\u00a0\u00bb1507&Prime; img_size=\u00a0\u00bbfull\u00a0\u00bb][\/vc_column][vc_column width=\u00a0\u00bb5\/12&Prime;][vc_custom_heading text=\u00a0\u00bbPack Ascenseures MRL\u00a0\u00bb font_container=\u00a0\u00bbtag:h3|text_align:left\u00a0\u00bb use_theme_fonts=\u00a0\u00bbyes\u00a0\u00bb css=\u00a0\u00bb.vc_custom_1676890591629{margin-top: 20px !important;}\u00a0\u00bb][vc_separator css=\u00a0\u00bb.vc_custom_1675891647705{padding-top: 5px !important;padding-bottom: 15px !important;}\u00a0\u00bb][vc_column_text] Les ascenseurs pour passagers sans salle des machines (MRL) ont d&rsquo;abord \u00e9t\u00e9 d\u00e9velopp\u00e9s en Europe et gagnent rapidement en popularit\u00e9 dans le monde entier. MRL est une nouvelle configuration d&rsquo;ascenseur con\u00e7ue pour \u00e9conomiser de l&rsquo;espace, de l&rsquo;argent, [&hellip;]<\/p>\n","protected":false},"author":1,"featured_media":0,"parent":0,"menu_order":0,"comment_status":"closed","ping_status":"closed","template":"page-templates\/template-fullwidth.php","meta":{"footnotes":""},"class_list":["post-1505","page","type-page","status-publish","hentry"],"_links":{"self":[{"href":"https:\/\/liftpoint.com.tr\/fr\/wp-json\/wp\/v2\/pages\/1505","targetHints":{"allow":["GET"]}}],"collection":[{"href":"https:\/\/liftpoint.com.tr\/fr\/wp-json\/wp\/v2\/pages"}],"about":[{"href":"https:\/\/liftpoint.com.tr\/fr\/wp-json\/wp\/v2\/types\/page"}],"author":[{"embeddable":true,"href":"https:\/\/liftpoint.com.tr\/fr\/wp-json\/wp\/v2\/users\/1"}],"replies":[{"embeddable":true,"href":"https:\/\/liftpoint.com.tr\/fr\/wp-json\/wp\/v2\/comments?post=1505"}],"version-history":[{"count":14,"href":"https:\/\/liftpoint.com.tr\/fr\/wp-json\/wp\/v2\/pages\/1505\/revisions"}],"predecessor-version":[{"id":1676,"href":"https:\/\/liftpoint.com.tr\/fr\/wp-json\/wp\/v2\/pages\/1505\/revisions\/1676"}],"wp:attachment":[{"href":"https:\/\/liftpoint.com.tr\/fr\/wp-json\/wp\/v2\/media?parent=1505"}],"curies":[{"name":"wp","href":"https:\/\/api.w.org\/{rel}","templated":true}]}}