{"id":1500,"date":"2023-02-08T21:19:02","date_gmt":"2023-02-08T21:19:02","guid":{"rendered":"https:\/\/liftpoint.com.tr\/fr\/?page_id=1500"},"modified":"2023-02-20T10:59:30","modified_gmt":"2023-02-20T10:59:30","slug":"yuruyen-merdiven","status":"publish","type":"page","link":"https:\/\/liftpoint.com.tr\/fr\/yuruyen-merdiven\/","title":{"rendered":"Escalier M\u00e9canique"},"content":{"rendered":"<section class=\"wpb-content-wrapper\"><p>[vc_row][vc_column offset=\u00a0\u00bbvc_col-md-9&Prime;][vc_single_image image=\u00a0\u00bb1501&Prime; img_size=\u00a0\u00bbfull\u00a0\u00bb][vc_custom_heading text=\u00a0\u00bbEscaliers m\u00e9caniques et trottoirs roulants\u00a0\u00bb font_container=\u00a0\u00bbtag:h3|text_align:left\u00a0\u00bb use_theme_fonts=\u00a0\u00bbyes\u00a0\u00bb css=\u00a0\u00bb.vc_custom_1676890695094{margin-top: 20px !important;}\u00a0\u00bb][vc_column_text]<\/p>\n<p align=\"justify\">Les escaliers m\u00e9caniques et les trottoirs roulants sont parmi les moyens de transport les plus importants aujourd&rsquo;hui et sont construits dans des endroits o\u00f9 un transport humain continu et s\u00fbr sera assur\u00e9. Ce sont des syst\u00e8mes de transport utiles et efficaces qui peuvent \u00eatre appliqu\u00e9s \u00e0 la fois verticalement et horizontalement. Les escaliers m\u00e9caniques, que l&rsquo;on trouve fr\u00e9quemment dans des zones telles que les a\u00e9roports, les gares, les stations de m\u00e9tro, les viaducs, les places, les bureaux, les h\u00f4tels, les b\u00e2timents publics, les h\u00f4pitaux, les stades, les th\u00e9\u00e2tres et les cin\u00e9mas, les centres commerciaux, offrent un grand confort entre les \u00e9tages pour la circulation des pi\u00e9tons. o\u00f9 les ascenseurs ne sont pas pratiques.<\/p>\n<p align=\"justify\">C&rsquo;est l&rsquo;un des moyens de transport les plus importants car il rend les \u00e9tages sup\u00e9rieurs et rez-de-chauss\u00e9e utiles dans des b\u00e2timents tr\u00e8s pr\u00e9cieux d&rsquo;un point de vue commercial. Les escalators et les voies pi\u00e9tonnes, qui assurent la circulation des foules dans des lieux o\u00f9 le trafic humain est dense avec une urbanisation rapide, sont des syst\u00e8mes de transport indispensables qui augmentent la valeur des b\u00e2timents avec le d\u00e9veloppement de la technologie depuis le jour de leur invention.<br \/>\n[\/vc_column_text][\/vc_column][vc_column offset=\u00a0\u00bbvc_col-md-3&Prime; css=\u00a0\u00bb.vc_custom_1675880153386{padding-top: 0px !important;padding-bottom: 0px !important;}\u00a0\u00bb][vc_single_image image=\u00a0\u00bb1209&Prime; img_size=\u00a0\u00bbfull\u00a0\u00bb][vc_wp_text]<a class=\"btn btn-custom btn-bg-dark btn-text-light btn-icon-left btn-fx width100\" href=\"https:\/\/liftpoint.com.tr\/e-katalog\/\" target=\"_blank\" rel=\"noopener\"><i class=\"fa fa-file-pdf-o\"><\/i>Catalogue<\/a>[\/vc_wp_text][vc_wp_text]<\/p>\n<div class=\"padding30 text-black\">\n<h4>Attention!<\/h4>\n<p>Vous recherchez le meilleur partenaire pour votre prochain projet d&rsquo;ascenseur ? Contactez-nous pour la fabrication de produits au meilleur prix et de qualit\u00e9.<\/p>\n<div class=\"text-center\"><a class=\"btn btn-line-black btn-fx mt20\" href=\"https:\/\/liftpoint.com.tr\/fr\/iletisim\/\">Contactez-nous<\/a><\/div>\n<\/div>\n<p>[\/vc_wp_text][\/vc_column][\/vc_row]<\/p>\n<\/section>","protected":false},"excerpt":{"rendered":"<p>[vc_row][vc_column offset=\u00a0\u00bbvc_col-md-9&Prime;][vc_single_image image=\u00a0\u00bb1501&Prime; img_size=\u00a0\u00bbfull\u00a0\u00bb][vc_custom_heading text=\u00a0\u00bbEscaliers m\u00e9caniques et trottoirs roulants\u00a0\u00bb font_container=\u00a0\u00bbtag:h3|text_align:left\u00a0\u00bb use_theme_fonts=\u00a0\u00bbyes\u00a0\u00bb css=\u00a0\u00bb.vc_custom_1676890695094{margin-top: 20px !important;}\u00a0\u00bb][vc_column_text] Les escaliers m\u00e9caniques et les trottoirs roulants sont parmi les moyens de transport les plus importants aujourd&rsquo;hui et sont construits dans des endroits o\u00f9 un transport humain continu et s\u00fbr sera assur\u00e9. Ce sont des syst\u00e8mes de transport utiles et efficaces [&hellip;]<\/p>\n","protected":false},"author":1,"featured_media":0,"parent":0,"menu_order":0,"comment_status":"closed","ping_status":"closed","template":"page-templates\/template-fullwidth.php","meta":{"footnotes":""},"class_list":["post-1500","page","type-page","status-publish","hentry"],"_links":{"self":[{"href":"https:\/\/liftpoint.com.tr\/fr\/wp-json\/wp\/v2\/pages\/1500","targetHints":{"allow":["GET"]}}],"collection":[{"href":"https:\/\/liftpoint.com.tr\/fr\/wp-json\/wp\/v2\/pages"}],"about":[{"href":"https:\/\/liftpoint.com.tr\/fr\/wp-json\/wp\/v2\/types\/page"}],"author":[{"embeddable":true,"href":"https:\/\/liftpoint.com.tr\/fr\/wp-json\/wp\/v2\/users\/1"}],"replies":[{"embeddable":true,"href":"https:\/\/liftpoint.com.tr\/fr\/wp-json\/wp\/v2\/comments?post=1500"}],"version-history":[{"count":12,"href":"https:\/\/liftpoint.com.tr\/fr\/wp-json\/wp\/v2\/pages\/1500\/revisions"}],"predecessor-version":[{"id":1678,"href":"https:\/\/liftpoint.com.tr\/fr\/wp-json\/wp\/v2\/pages\/1500\/revisions\/1678"}],"wp:attachment":[{"href":"https:\/\/liftpoint.com.tr\/fr\/wp-json\/wp\/v2\/media?parent=1500"}],"curies":[{"name":"wp","href":"https:\/\/api.w.org\/{rel}","templated":true}]}}