{"id":1231,"date":"2023-02-08T18:48:30","date_gmt":"2023-02-08T18:48:30","guid":{"rendered":"https:\/\/liftpoint.com.tr\/fr\/?page_id=1231"},"modified":"2023-02-20T10:55:49","modified_gmt":"2023-02-20T10:55:49","slug":"engelli-platformlari","status":"publish","type":"page","link":"https:\/\/liftpoint.com.tr\/fr\/engelli-platformlari\/","title":{"rendered":"\u00c9L\u00c9VATEUR PMR"},"content":{"rendered":"<section class=\"wpb-content-wrapper\"><p>[vc_row][vc_column offset=\u00a0\u00bbvc_col-md-9&Prime;][vc_single_image image=\u00a0\u00bb1498&Prime; img_size=\u00a0\u00bbfull\u00a0\u00bb][vc_custom_heading text=\u00a0\u00bb\u00c9L\u00c9VATEUR PMR : la plateforme \u00e9l\u00e9vatrice pour personne \u00e0 mobilit\u00e9 r\u00e9duite\u00a0\u00bb font_container=\u00a0\u00bbtag:h3|text_align:left\u00a0\u00bb use_theme_fonts=\u00a0\u00bbyes\u00a0\u00bb css=\u00a0\u00bb.vc_custom_1676890510784{margin-top: 20px !important;}\u00a0\u00bb][vc_column_text]<\/p>\n<p align=\"justify\">Les ascenseurs handicap\u00e9s sont con\u00e7us de trois mani\u00e8res diff\u00e9rentes : mod\u00e8le de maison, mod\u00e8le d&rsquo;escalier et mod\u00e8le de plate-forme.<\/p>\n<p align=\"justify\">Actuellement, ceux qui utilisent des poussettes, ceux qui ont des difficult\u00e9s \u00e0 marcher et les femmes enceintes b\u00e9n\u00e9ficient de ces ascenseurs handicap\u00e9s. \u00c0 mesure que le nombre de personnes utilisant ces ascenseurs augmente, les conceptions deviennent plus efficaces.<\/p>\n<p align=\"justify\">Liftpoint fabrique des ascenseurs handicap\u00e9s respectant le principe d&rsquo;accessibilit\u00e9 conform\u00e9ment \u00e0 la r\u00e9glementation. Ils d\u00e9veloppent leur conception avec une pr\u00e9cision particuli\u00e8re pour que ces ascenseurs soient confortables, s\u00fbrs et accessibles. Eliminant les barri\u00e8res, ces ascenseurs s\u00e9duisent toutes les bourses. Nos conceptions de qualit\u00e9 et s\u00fbres visent \u00e0 ce que chacun puisse monter et descendre confortablement des b\u00e2timents.<\/p>\n<p align=\"justify\">Nos ascenseurs handicap\u00e9s sont con\u00e7us et fabriqu\u00e9s pour une utilisation int\u00e9rieure et ext\u00e9rieure. Les lieux d&rsquo;utilisation sont g\u00e9n\u00e9ralement des institutions publiques, des r\u00e9sidences, des maisons individuelles, des villas, des maisons de retraite et des lieux de travail.<br \/>\n[\/vc_column_text][\/vc_column][vc_column offset=\u00a0\u00bbvc_col-md-3&Prime; css=\u00a0\u00bb.vc_custom_1675880153386{padding-top: 0px !important;padding-bottom: 0px !important;}\u00a0\u00bb][vc_single_image image=\u00a0\u00bb1209&Prime; img_size=\u00a0\u00bbfull\u00a0\u00bb][vc_wp_text]<a class=\"btn btn-custom btn-bg-dark btn-text-light btn-icon-left btn-fx width100\" href=\"https:\/\/liftpoint.com.tr\/e-katalog\/\" target=\"_blank\" rel=\"noopener\"><i class=\"fa fa-file-pdf-o\"><\/i>Catalogue<\/a>[\/vc_wp_text][vc_wp_text]<\/p>\n<div class=\"padding30 text-black\">\n<h4>Attention!<\/h4>\n<p>Vous recherchez le meilleur partenaire pour votre prochain projet d&rsquo;ascenseur ? Contactez-nous pour la fabrication de produits au meilleur prix et de qualit\u00e9.<\/p>\n<div class=\"text-center\"><a class=\"btn btn-line-black btn-fx mt20\" href=\"https:\/\/liftpoint.com.tr\/fr\/iletisim\/\">Contactez-nous<\/a><\/div>\n<\/div>\n<p>[\/vc_wp_text][\/vc_column][\/vc_row]<\/p>\n<\/section>","protected":false},"excerpt":{"rendered":"<p>[vc_row][vc_column offset=\u00a0\u00bbvc_col-md-9&Prime;][vc_single_image image=\u00a0\u00bb1498&Prime; img_size=\u00a0\u00bbfull\u00a0\u00bb][vc_custom_heading text=\u00a0\u00bb\u00c9L\u00c9VATEUR PMR : la plateforme \u00e9l\u00e9vatrice pour personne \u00e0 mobilit\u00e9 r\u00e9duite\u00a0\u00bb font_container=\u00a0\u00bbtag:h3|text_align:left\u00a0\u00bb use_theme_fonts=\u00a0\u00bbyes\u00a0\u00bb css=\u00a0\u00bb.vc_custom_1676890510784{margin-top: 20px !important;}\u00a0\u00bb][vc_column_text] Les ascenseurs handicap\u00e9s sont con\u00e7us de trois mani\u00e8res diff\u00e9rentes : mod\u00e8le de maison, mod\u00e8le d&rsquo;escalier et mod\u00e8le de plate-forme. Actuellement, ceux qui utilisent des poussettes, ceux qui ont des difficult\u00e9s \u00e0 marcher et les femmes [&hellip;]<\/p>\n","protected":false},"author":1,"featured_media":0,"parent":0,"menu_order":0,"comment_status":"closed","ping_status":"closed","template":"page-templates\/template-fullwidth.php","meta":{"footnotes":""},"class_list":["post-1231","page","type-page","status-publish","hentry"],"_links":{"self":[{"href":"https:\/\/liftpoint.com.tr\/fr\/wp-json\/wp\/v2\/pages\/1231","targetHints":{"allow":["GET"]}}],"collection":[{"href":"https:\/\/liftpoint.com.tr\/fr\/wp-json\/wp\/v2\/pages"}],"about":[{"href":"https:\/\/liftpoint.com.tr\/fr\/wp-json\/wp\/v2\/types\/page"}],"author":[{"embeddable":true,"href":"https:\/\/liftpoint.com.tr\/fr\/wp-json\/wp\/v2\/users\/1"}],"replies":[{"embeddable":true,"href":"https:\/\/liftpoint.com.tr\/fr\/wp-json\/wp\/v2\/comments?post=1231"}],"version-history":[{"count":9,"href":"https:\/\/liftpoint.com.tr\/fr\/wp-json\/wp\/v2\/pages\/1231\/revisions"}],"predecessor-version":[{"id":1675,"href":"https:\/\/liftpoint.com.tr\/fr\/wp-json\/wp\/v2\/pages\/1231\/revisions\/1675"}],"wp:attachment":[{"href":"https:\/\/liftpoint.com.tr\/fr\/wp-json\/wp\/v2\/media?parent=1231"}],"curies":[{"name":"wp","href":"https:\/\/api.w.org\/{rel}","templated":true}]}}