{"id":1222,"date":"2023-02-08T18:40:39","date_gmt":"2023-02-08T18:40:39","guid":{"rendered":"https:\/\/liftpoint.com.tr\/fr\/?page_id=1222"},"modified":"2023-02-20T10:54:44","modified_gmt":"2023-02-20T10:54:44","slug":"villa-asansoru","status":"publish","type":"page","link":"https:\/\/liftpoint.com.tr\/fr\/villa-asansoru\/","title":{"rendered":"Ascenseur des villas"},"content":{"rendered":"<section class=\"wpb-content-wrapper\"><p>[vc_row][vc_column offset=\u00a0\u00bbvc_col-md-9&Prime;][vc_single_image image=\u00a0\u00bb1496&Prime; img_size=\u00a0\u00bbfull\u00a0\u00bb][vc_custom_heading text=\u00a0\u00bbAscenseur des villas\u00a0\u00bb font_container=\u00a0\u00bbtag:h3|text_align:left\u00a0\u00bb use_theme_fonts=\u00a0\u00bbyes\u00a0\u00bb css=\u00a0\u00bb.vc_custom_1676890458355{margin-top: 20px !important;}\u00a0\u00bb][vc_column_text]<\/p>\n<p align=\"justify\">Il est install\u00e9 \u00e0 l&rsquo;int\u00e9rieur et \u00e0 l&rsquo;ext\u00e9rieur du b\u00e2timent. Les ascenseurs peuvent \u00eatre fournis avec ou sans gaine panoramique.<\/p>\n<p align=\"justify\">Le m\u00e9canisme de levage peut \u00eatre hydraulique ou \u00e0 vis. Les exigences de vitesse et de capacit\u00e9 de charge des ascenseurs domestiques s&rsquo;estompent, les principales \u00e9tant la facilit\u00e9 d&rsquo;utilisation et d&rsquo;entretien des mod\u00e8les, la compacit\u00e9 des cages d&rsquo;ascenseur, l&rsquo;absence de salle des machines, la finition unique de l&rsquo;ascenseur. cabine et portes, s\u00e9curit\u00e9 et petit prix<\/p>\n<p align=\"justify\">Les ascenseurs pour les maisons combinent id\u00e9alement la facilit\u00e9 d&rsquo;utilisation et la rentabilit\u00e9 des solutions techniques pour l&rsquo;installation d&rsquo;un ascenseur dans une maison d&rsquo;\u00e9t\u00e9, une maison de campagne ou une maison \u00e0 plusieurs \u00e9tages. L&rsquo;ascenseur domestique s&rsquo;int\u00e8gre parfaitement \u00e0 l&rsquo;int\u00e9rieur, r\u00e9solvant avec succ\u00e8s les probl\u00e8mes de d\u00e9placement rapide et confortable \u00e0 l&rsquo;int\u00e9rieur de la maison.[\/vc_column_text][\/vc_column][vc_column offset=\u00a0\u00bbvc_col-md-3&Prime; css=\u00a0\u00bb.vc_custom_1675880153386{padding-top: 0px !important;padding-bottom: 0px !important;}\u00a0\u00bb][vc_single_image image=\u00a0\u00bb1209&Prime; img_size=\u00a0\u00bbfull\u00a0\u00bb][vc_wp_text]<a class=\"btn btn-custom btn-bg-dark btn-text-light btn-icon-left btn-fx width100\" href=\"https:\/\/liftpoint.com.tr\/e-katalog\/\" target=\"_blank\" rel=\"noopener\"><i class=\"fa fa-file-pdf-o\"><\/i>Catalogue<\/a>[\/vc_wp_text][vc_wp_text]<\/p>\n<div class=\"padding30 text-black\">\n<h4>Attention!<\/h4>\n<p>Vous recherchez le meilleur partenaire pour votre prochain projet d&rsquo;ascenseur ? Contactez-nous pour la fabrication de produits au meilleur prix et de qualit\u00e9.<\/p>\n<div class=\"text-center\"><a class=\"btn btn-line-black btn-fx mt20\" href=\"https:\/\/liftpoint.com.tr\/fr\/iletisim\/\">Contactez-nous<\/a><\/div>\n<\/div>\n<p>[\/vc_wp_text][\/vc_column][\/vc_row]<\/p>\n<\/section>","protected":false},"excerpt":{"rendered":"<p>[vc_row][vc_column offset=\u00a0\u00bbvc_col-md-9&Prime;][vc_single_image image=\u00a0\u00bb1496&Prime; img_size=\u00a0\u00bbfull\u00a0\u00bb][vc_custom_heading text=\u00a0\u00bbAscenseur des villas\u00a0\u00bb font_container=\u00a0\u00bbtag:h3|text_align:left\u00a0\u00bb use_theme_fonts=\u00a0\u00bbyes\u00a0\u00bb css=\u00a0\u00bb.vc_custom_1676890458355{margin-top: 20px !important;}\u00a0\u00bb][vc_column_text] Il est install\u00e9 \u00e0 l&rsquo;int\u00e9rieur et \u00e0 l&rsquo;ext\u00e9rieur du b\u00e2timent. Les ascenseurs peuvent \u00eatre fournis avec ou sans gaine panoramique. Le m\u00e9canisme de levage peut \u00eatre hydraulique ou \u00e0 vis. Les exigences de vitesse et de capacit\u00e9 de charge des ascenseurs domestiques s&rsquo;estompent, [&hellip;]<\/p>\n","protected":false},"author":1,"featured_media":0,"parent":0,"menu_order":0,"comment_status":"closed","ping_status":"closed","template":"page-templates\/template-fullwidth.php","meta":{"footnotes":""},"class_list":["post-1222","page","type-page","status-publish","hentry"],"_links":{"self":[{"href":"https:\/\/liftpoint.com.tr\/fr\/wp-json\/wp\/v2\/pages\/1222","targetHints":{"allow":["GET"]}}],"collection":[{"href":"https:\/\/liftpoint.com.tr\/fr\/wp-json\/wp\/v2\/pages"}],"about":[{"href":"https:\/\/liftpoint.com.tr\/fr\/wp-json\/wp\/v2\/types\/page"}],"author":[{"embeddable":true,"href":"https:\/\/liftpoint.com.tr\/fr\/wp-json\/wp\/v2\/users\/1"}],"replies":[{"embeddable":true,"href":"https:\/\/liftpoint.com.tr\/fr\/wp-json\/wp\/v2\/comments?post=1222"}],"version-history":[{"count":11,"href":"https:\/\/liftpoint.com.tr\/fr\/wp-json\/wp\/v2\/pages\/1222\/revisions"}],"predecessor-version":[{"id":1674,"href":"https:\/\/liftpoint.com.tr\/fr\/wp-json\/wp\/v2\/pages\/1222\/revisions\/1674"}],"wp:attachment":[{"href":"https:\/\/liftpoint.com.tr\/fr\/wp-json\/wp\/v2\/media?parent=1222"}],"curies":[{"name":"wp","href":"https:\/\/api.w.org\/{rel}","templated":true}]}}