{"id":1198,"date":"2023-02-08T18:08:39","date_gmt":"2023-02-08T18:08:39","guid":{"rendered":"https:\/\/liftpoint.com.tr\/fr\/?page_id=1198"},"modified":"2023-02-20T10:37:28","modified_gmt":"2023-02-20T10:37:28","slug":"hakkimizda","status":"publish","type":"page","link":"https:\/\/liftpoint.com.tr\/fr\/hakkimizda\/","title":{"rendered":"\u00c0 propos de nous"},"content":{"rendered":"<section class=\"wpb-content-wrapper\"><p>[vc_row][vc_column offset=\u00a0\u00bbvc_col-md-9&Prime;][vc_single_image image=\u00a0\u00bb1217&Prime; img_size=\u00a0\u00bbfull\u00a0\u00bb][vc_custom_heading text=\u00a0\u00bb\u00e0 propos de nous\u00a0\u00bb font_container=\u00a0\u00bbtag:h3|text_align:left\u00a0\u00bb use_theme_fonts=\u00a0\u00bbyes\u00a0\u00bb css=\u00a0\u00bb.vc_custom_1676882959464{margin-top: 20px !important;}\u00a0\u00bb][vc_column_text]<\/p>\n<p align=\"justify\">Depuis sa cr\u00e9ation, Liftpoint op\u00e8re dans tous les secteurs de l&rsquo;industrie des ascenseurs en adoptant le principe d&rsquo;utiliser des technologies s\u00fbres, de haute qualit\u00e9 et innovantes. Nous soutenons les services que nous offrons \u00e0 nos clients avec les formations p\u00e9riodiques que nous offrons \u00e0 notre personnel en ajoutant toutes les opportunit\u00e9s offertes par la technologie et l&rsquo;innovation en plus de l&rsquo;exp\u00e9rience que nous avons acquise dans ce secteur. C&rsquo;est pourquoi nous disons que nous avons la cl\u00e9, il n&rsquo;y a aucun probl\u00e8me que nous ne pouvons pas r\u00e9soudre.<\/p>\n<p align=\"justify\"><b>Nous trouvons toujours une solution.<\/b><br \/>\nSachant que les ascenseurs exigent avant tout un service de qualit\u00e9, s\u00fbr et rapide, nous sommes une entreprise qui fournit un service de qualit\u00e9 \u00e0 l&rsquo;industrie des ascenseurs dans la vente de mat\u00e9riaux d&rsquo;ascenseurs de d\u00e9tail et de colis tant au pays qu&rsquo;\u00e0 l&rsquo;\u00e9tranger, avec de nombreuses ann\u00e9es d&rsquo;exp\u00e9rience dans le secteur. Quel que soit le projet, nous trouverons certainement une solution.<\/p>\n<p align=\"justify\">Avec nos solutions, nous faisons une diff\u00e9rence dans l&rsquo;industrie des ascenseurs en \u00e9liminant les pertes de travail et de temps existantes dans les projets.<\/p>\n<p>[\/vc_column_text][\/vc_column][vc_column offset=\u00a0\u00bbvc_col-md-3&Prime; css=\u00a0\u00bb.vc_custom_1675880153386{padding-top: 0px !important;padding-bottom: 0px !important;}\u00a0\u00bb][vc_single_image image=\u00a0\u00bb1209&Prime; img_size=\u00a0\u00bbfull\u00a0\u00bb][vc_wp_text]<a class=\"btn btn-custom btn-bg-dark btn-text-light btn-icon-left btn-fx width100\" href=\"https:\/\/liftpoint.com.tr\/e-katalog\/\" target=\"_blank\" rel=\"noopener\"><i class=\"fa fa-file-pdf-o\"><\/i>Catalogue<\/a>[\/vc_wp_text][vc_wp_text]<\/p>\n<div class=\"padding30 text-black\">\n<h4>Attention!<\/h4>\n<p>Vous recherchez le meilleur partenaire pour votre prochain projet d&rsquo;ascenseur ? Contactez-nous pour la fabrication de produits au meilleur prix et de qualit\u00e9.<\/p>\n<div class=\"text-center\"><a class=\"btn btn-line-black btn-fx mt20\" href=\"https:\/\/liftpoint.com.tr\/fr\/iletisim\/\">Contactez-nous<\/a><\/div>\n<\/div>\n<p>[\/vc_wp_text][\/vc_column][\/vc_row]<\/p>\n<\/section>","protected":false},"excerpt":{"rendered":"<p>[vc_row][vc_column offset=\u00a0\u00bbvc_col-md-9&Prime;][vc_single_image image=\u00a0\u00bb1217&Prime; img_size=\u00a0\u00bbfull\u00a0\u00bb][vc_custom_heading text=\u00a0\u00bb\u00e0 propos de nous\u00a0\u00bb font_container=\u00a0\u00bbtag:h3|text_align:left\u00a0\u00bb use_theme_fonts=\u00a0\u00bbyes\u00a0\u00bb css=\u00a0\u00bb.vc_custom_1676882959464{margin-top: 20px !important;}\u00a0\u00bb][vc_column_text] Depuis sa cr\u00e9ation, Liftpoint op\u00e8re dans tous les secteurs de l&rsquo;industrie des ascenseurs en adoptant le principe d&rsquo;utiliser des technologies s\u00fbres, de haute qualit\u00e9 et innovantes. Nous soutenons les services que nous offrons \u00e0 nos clients avec les formations p\u00e9riodiques que nous [&hellip;]<\/p>\n","protected":false},"author":1,"featured_media":0,"parent":0,"menu_order":0,"comment_status":"closed","ping_status":"closed","template":"page-templates\/template-fullwidth.php","meta":{"footnotes":""},"class_list":["post-1198","page","type-page","status-publish","hentry"],"_links":{"self":[{"href":"https:\/\/liftpoint.com.tr\/fr\/wp-json\/wp\/v2\/pages\/1198","targetHints":{"allow":["GET"]}}],"collection":[{"href":"https:\/\/liftpoint.com.tr\/fr\/wp-json\/wp\/v2\/pages"}],"about":[{"href":"https:\/\/liftpoint.com.tr\/fr\/wp-json\/wp\/v2\/types\/page"}],"author":[{"embeddable":true,"href":"https:\/\/liftpoint.com.tr\/fr\/wp-json\/wp\/v2\/users\/1"}],"replies":[{"embeddable":true,"href":"https:\/\/liftpoint.com.tr\/fr\/wp-json\/wp\/v2\/comments?post=1198"}],"version-history":[{"count":21,"href":"https:\/\/liftpoint.com.tr\/fr\/wp-json\/wp\/v2\/pages\/1198\/revisions"}],"predecessor-version":[{"id":1673,"href":"https:\/\/liftpoint.com.tr\/fr\/wp-json\/wp\/v2\/pages\/1198\/revisions\/1673"}],"wp:attachment":[{"href":"https:\/\/liftpoint.com.tr\/fr\/wp-json\/wp\/v2\/media?parent=1198"}],"curies":[{"name":"wp","href":"https:\/\/api.w.org\/{rel}","templated":true}]}}